{"id":7393,"date":"2024-07-24T09:40:24","date_gmt":"2024-07-24T09:40:24","guid":{"rendered":"https:\/\/colpromat.com\/?page_id=7393"},"modified":"2024-07-24T09:40:24","modified_gmt":"2024-07-24T09:40:24","slug":"aviso-legal","status":"publish","type":"page","link":"https:\/\/colpromat.com\/es\/aviso-legal\/","title":{"rendered":"Aviso legal"},"content":{"rendered":"<p>En virtud del cumplimiento de la Ley 34\/2002, de 11 de Julio, de Servicios de la Sociedad de la Informaci\u00f3n y de Comercio Electr\u00f3nico, le informamos:<\/p>\n<h2>1. Objeto.<\/h2>\n<p>El prestador de servicios de la p\u00e1gina web https:\/\/www.colpromat.com\/es es IL LUSTRE COL LEGI DE PROCURADORS DE MATAR\u00d3 con domicilio social en Plaza de Francisco Tom\u00e1s y Valiente s\/n, 08302 Matar\u00f3, (Barcelona) y CIF n\u00ba Q0863012A.<\/p>\n<p>El IL\u00b7LUSTRE COL\u00b7LEGI DE PROCURADORS DE MATAR\u00d3 es una corporaci\u00f3n de derecho p\u00fablico sometida a la legislaci\u00f3n aplicable a los colegios profesionales, a la normativa administrativa en el desarrollo de sus funciones p\u00fablicas y a la legislaci\u00f3n procesal debido al colectivo que representa.<\/p>\n<p>Se encuentra inscrito en el Registro de Entidades Jur\u00eddicas de la Direcci\u00f3n General de Entidades Jur\u00eddicas como Colegio Profesional, con el n\u00famero de inscripci\u00f3n PROC\/MAT-6.<\/p>\n<p>A efectos de este documento el tel\u00e9fono de contacto es 937984800 y el correo electr\u00f3nico de contacto es <a href=\"mailto:administracio@colpromat.com\">administracio@colpromat.com<\/a><\/p>\n<p>Este Aviso Legal regula la utilizaci\u00f3n de dicho dominio.<\/p>\n<p>La utilizaci\u00f3n de este sitio web implica la aceptaci\u00f3n por parte del Usuario de las condiciones de uso incluidas en este Aviso como tambi\u00e9n nuestras pol\u00edticas sobre \u2018Protecci\u00f3n de Datos y Privacidad\u2019 y \u2018Pol\u00edtica de uso de Cookies\u2019. En el caso de que ciertos servicios contenidos y\/o herramientas ofrecidos a trav\u00e9s de este \u201cPortal\u201d requirieran de la aplicaci\u00f3n condiciones particulares estas se pondr\u00e1n a disposici\u00f3n del Usuario.<\/p>\n<p>Por otra parte, IL LUSTRE COL LEGI DE PROCURADORS DE MATAR\u00d3 advierte que, tanto los contenidos y servicios de esta p\u00e1gina web como las propias condiciones de utilizaci\u00f3n, pueden ser modificados sin notificaci\u00f3n previa.<\/p>\n<p>Mediante el presente sitio web el IL LUSTRE COL LEGI DE PROCURADORS DE MATAR\u00d3 establece su Sede Virtual. En ella, el ICPM informa de sus funciones, de su estructura, de su funcionamiento y de sus actividades, as\u00ed como de cuestiones importantes para el colectivo que representa y cumple con sus obligaciones como Colegio Profesional.<\/p>\n<h3>A- Ventanilla \u00danica<\/h3>\n<p>Ofrece a los colegiados y a los usuarios la posibilidad de realizar determinados tr\u00e1mites mediante el enlace a la plataforma del Consejo General de Procuradores de Espa\u00f1a. Adicionalmente, tanto los colegiados como los usuarios<br \/>\npueden ponerse en contacto directamente con el Colegio utilizando los formularios habilitados en el apartado de<br \/>\nVentanilla \u00danica y Contacto del sitio web.<\/p>\n<h3>B- \u00c1rea privada<\/h3>\n<p>S\u00f3lo los colegiados tienen acceso a esta \u00c1rea Privada. En ella tienen acceso a informaci\u00f3n \u00fatil para el desarrollo de<br \/>\nsu actividad profesional, as\u00ed como a normativa interna del ICPM y circulares.<\/p>\n<h2>2. Condiciones Generales de Uso.<\/h2>\n<p>El Usuario de la web se compromete a mantener actualizados los datos personales que pudieran ser proporcionados a titular del dominio, por lo tanto, \u00fanico responsable de las falsedades o inexactitudes que realice. El IL\u00b7LUSTRE COL\u00b7LEGI DE PROCURADORS DE MATAR\u00d3 no se responsabiliza en el caso de que los datos sobre este<br \/>\ntema sean inexactos o falsos.<\/p>\n<p>El \u201cportal\u201d s\u00f3lo puede ser utilizado con prop\u00f3sitos legales. Por tanto el usuario se obliga a hacer un uso l\u00edcito y honrado del portal y conforme a las presentes Condiciones Generales de Uso, a no utilizar los servicios del \u201cportal\u201d para la realizaci\u00f3n de actividades contrarias a las legislaci\u00f3n espa\u00f1ola, a la moral y al orden p\u00fablico, asumiendo por parte del usuario todas las responsabilidades de da\u00f1os y perjuicios frente al titular del dominio o terceros que pudieran derivarse de pr\u00e1cticas ilegales o no permitidas entres otras y a t\u00edtulo enunciativo y no limitativo:<\/p>\n<p>Realizar sin previo consentimiento por parte del titular del dominio cualquier manipulaci\u00f3n o alteraci\u00f3n de esta p\u00e1gina, no asumiendo el titular del dominio ninguna responsabilidad que pudiera derivarse, de dicha manipulaci\u00f3n o alteraci\u00f3n por terceros<\/p>\n<p>Realizar cualquier acto que pueda da\u00f1ar, inutilizar, sobrecargar, o deteriorar el Portal y los servicios y\/o impedir el normal uso y utilizaci\u00f3n por parte de los Usuarios<\/p>\n<p>Introducir y\/o utilizar programas de ordenador, datos, archivos defectuosos, virus, c\u00f3digo malicioso, equipos inform\u00e1ticos o de telecomunicaciones o cualquier otro, independientemente de su naturaleza que pueda causar da\u00f1os en el Portal, en cualquiera de los servicios, o en cualesquiera activos (f\u00edsicos o l\u00f3gicos) de los sistemas de<br \/>\ninformaci\u00f3n de titular del dominio<\/p>\n<p>Violar los derechos de terceros a la intimidad, la propia imagen, la protecci\u00f3n de datos al secreto en las comunicaciones, a la propiedad intelectual e industrial.<\/p>\n<p>Ocultar y falsear el origen de mensajes de correo electr\u00f3nico<\/p>\n<p>Utilizar identidades falsas, suplantar la identidad de otros en la utilizaci\u00f3n del Portal o en la utilizaci\u00f3n de cualquiera de los servicios<\/p>\n<p>Reproducir, distribuir, modificar o copiar el contenido de esta p\u00e1gina, salvo que de disponga de la autorizaci\u00f3n del titular del dominio o est\u00e9 legalmente autorizado.<\/p>\n<p>Transmitir a terceros no autorizados los nombres de Usuario y las claves de acceso del \u00c1rea Privada.<\/p>\n<p>IL\u00b7LUSTRE COL\u00b7LEGI DE PROCURADORS DE MATAR\u00d3 no responde de los enlaces (LINKS) a otras p\u00e1ginas de Internet de terceros y su existencia no implica que IL\u00b7LUSTRE COL\u00b7LEGI DE PROCURADORS DE MATAR\u00d3 apruebe o acepte sus contenidos y servicios. Estas otras p\u00e1ginas web no est\u00e1n controladas por IL\u00b7LUSTRE COL\u00b7LEGI DE\u00a0 PROCURADORS DE MATAR\u00d3 ni cubiertas por el presente Aviso. Si accede a otras p\u00e1ginas web utilizando los enlaces proporcionados, los operadores de dichos sitios web podr\u00e1n recoger su informaci\u00f3n personal. Aseg\u00farese que est\u00e1 conforme con las Pol\u00edticas de Privacidad de estas terceras p\u00e1ginas web antes de facilitar ning\u00fan tipo de informaci\u00f3n personal.<\/p>\n<p>Con car\u00e1cter general, el titular del dominio, excluye su responsabilidad por los da\u00f1os y perjuicios de cualquier naturaleza e \u00edndole que pudieran derivarse del uso del sitio web de, as\u00ed como a los da\u00f1os y perjuicios derivados de la infracci\u00f3n de los derechos de propiedad Intelectual e Industrial por parte de los usuarios y\/o la falta de veracidad,<br \/>\nexactitud, y actualidad de los contenidos, ni le podr\u00e1n ser exigidas responsabilidades por la interrupci\u00f3n del servicio, inadecuado funcionamiento o imposibilidad de acceso al servicio.<\/p>\n<p>El titular del dominio no ser\u00e1 responsable por los da\u00f1os y perjuicios causados por la presencia de virus o cualquier otro software lesivo que pueda producir alteraciones en el sistema inform\u00e1tico del Usuario.<\/p>\n<p>En lo que se refiere a los enlaces que terceros puedan realizar en el sitio web del Colegio deber\u00e1n solicitar autorizaci\u00f3n a la direcci\u00f3n del apartado 1, incluyendo en el mensaje los datos de la entidad solicitante del enlace, el nombre de dominio del sitio web, y el motivo para incluir el enlace.<\/p>\n<h2>3. Uso de cookies<\/h2>\n<p>IL LUSTRE COL LEGI DE PROCURADORS DE MATAR\u00d3 en calidad de prestador de servicios de esta web declara que utiliza procedimientos autom\u00e1ticos de recogida de informaci\u00f3n para guardar el registro de los Usuarios que visitan su p\u00e1gina web. Pulsa aqu\u00ed para acceder en nuestra<a href=\"https:\/\/colpromat.com\/es\/politica-de-cookies-ue\/\"> pol\u00edtica de uso de cookies<\/a><\/p>\n<h2>4. Protecci\u00f3n de datos<\/h2>\n<p>Puede consultar nuestra <a href=\"https:\/\/colpromat.com\/es\/politica-de-privacidad-2\/\">pol\u00edtica sobre protecci\u00f3n de datos<\/a> de car\u00e1cter personal en el apartado<\/p>\n<h2>5. Legislaci\u00f3n aplicable<\/h2>\n<p>Las presentes Condiciones Generales de Uso se regir\u00e1n en todo momento por lo dispuesto en la legislaci\u00f3n espa\u00f1ola.<\/p>\n","protected":false},"excerpt":{"rendered":"<p>En virtud del cumplimiento de la Ley 34\/2002, de 11 de Julio, de Servicios de la Sociedad de la Informaci\u00f3n y de Comercio Electr\u00f3nico, le informamos: 1. Objeto. El prestador de servicios de la p\u00e1gina web https:\/\/www.colpromat.com\/es es IL LUSTRE COL LEGI DE PROCURADORS DE MATAR\u00d3 con domicilio social en Plaza de Francisco Tom\u00e1s y&hellip;<\/p>\n","protected":false},"author":1,"featured_media":0,"parent":0,"menu_order":0,"comment_status":"closed","ping_status":"closed","template":"","meta":{"_acf_changed":false,"footnotes":""},"acf":[],"yoast_head":"<!-- This site is optimized with the Yoast SEO plugin v22.9 - https:\/\/yoast.com\/wordpress\/plugins\/seo\/ -->\n<title>Aviso legal - COLPROMAT<\/title>\n<meta name=\"robots\" content=\"index, follow, max-snippet:-1, max-image-preview:large, max-video-preview:-1\" \/>\n<link rel=\"canonical\" href=\"https:\/\/colpromat.com\/es\/aviso-legal\/\" \/>\n<meta property=\"og:locale\" content=\"es_ES\" \/>\n<meta property=\"og:type\" content=\"article\" \/>\n<meta property=\"og:title\" content=\"Aviso legal - COLPROMAT\" \/>\n<meta property=\"og:description\" content=\"En virtud del cumplimiento de la Ley 34\/2002, de 11 de Julio, de Servicios de la Sociedad de la Informaci\u00f3n y de Comercio Electr\u00f3nico, le informamos: 1. Objeto. El prestador de servicios de la p\u00e1gina web https:\/\/www.colpromat.com\/es es IL LUSTRE COL LEGI DE PROCURADORS DE MATAR\u00d3 con domicilio social en Plaza de Francisco Tom\u00e1s y&hellip;\" \/>\n<meta property=\"og:url\" content=\"https:\/\/colpromat.com\/es\/aviso-legal\/\" \/>\n<meta property=\"og:site_name\" content=\"COLPROMAT\" \/>\n<meta name=\"twitter:card\" content=\"summary_large_image\" \/>\n<meta name=\"twitter:label1\" content=\"Tiempo de lectura\" \/>\n\t<meta name=\"twitter:data1\" content=\"7 minutos\" \/>\n<script type=\"application\/ld+json\" class=\"yoast-schema-graph\">{\"@context\":\"https:\/\/schema.org\",\"@graph\":[{\"@type\":\"WebPage\",\"@id\":\"https:\/\/colpromat.com\/es\/aviso-legal\/\",\"url\":\"https:\/\/colpromat.com\/es\/aviso-legal\/\",\"name\":\"Aviso legal - COLPROMAT\",\"isPartOf\":{\"@id\":\"https:\/\/colpromat.com\/#website\"},\"datePublished\":\"2024-07-24T09:40:24+00:00\",\"dateModified\":\"2024-07-24T09:40:24+00:00\",\"breadcrumb\":{\"@id\":\"https:\/\/colpromat.com\/es\/aviso-legal\/#breadcrumb\"},\"inLanguage\":\"es\",\"potentialAction\":[{\"@type\":\"ReadAction\",\"target\":[\"https:\/\/colpromat.com\/es\/aviso-legal\/\"]}]},{\"@type\":\"BreadcrumbList\",\"@id\":\"https:\/\/colpromat.com\/es\/aviso-legal\/#breadcrumb\",\"itemListElement\":[{\"@type\":\"ListItem\",\"position\":1,\"name\":\"Home\",\"item\":\"https:\/\/colpromat.com\/es\/\"},{\"@type\":\"ListItem\",\"position\":2,\"name\":\"Aviso legal\"}]},{\"@type\":\"WebSite\",\"@id\":\"https:\/\/colpromat.com\/#website\",\"url\":\"https:\/\/colpromat.com\/\",\"name\":\"COLPROMAT\",\"description\":\"Col\u00b7legi Procuradors de Matar\u00f3\",\"publisher\":{\"@id\":\"https:\/\/colpromat.com\/#organization\"},\"potentialAction\":[{\"@type\":\"SearchAction\",\"target\":{\"@type\":\"EntryPoint\",\"urlTemplate\":\"https:\/\/colpromat.com\/?s={search_term_string}\"},\"query-input\":\"required name=search_term_string\"}],\"inLanguage\":\"es\"},{\"@type\":\"Organization\",\"@id\":\"https:\/\/colpromat.com\/#organization\",\"name\":\"COLPROMAT\",\"url\":\"https:\/\/colpromat.com\/\",\"logo\":{\"@type\":\"ImageObject\",\"inLanguage\":\"es\",\"@id\":\"https:\/\/colpromat.com\/#\/schema\/logo\/image\/\",\"url\":\"https:\/\/colpromat.com\/wp-content\/uploads\/2024\/03\/carta_procuradors-transformed.png\",\"contentUrl\":\"https:\/\/colpromat.com\/wp-content\/uploads\/2024\/03\/carta_procuradors-transformed.png\",\"width\":906,\"height\":356,\"caption\":\"COLPROMAT\"},\"image\":{\"@id\":\"https:\/\/colpromat.com\/#\/schema\/logo\/image\/\"}}]}<\/script>\n<!-- \/ Yoast SEO plugin. -->","yoast_head_json":{"title":"Aviso legal - COLPROMAT","robots":{"index":"index","follow":"follow","max-snippet":"max-snippet:-1","max-image-preview":"max-image-preview:large","max-video-preview":"max-video-preview:-1"},"canonical":"https:\/\/colpromat.com\/es\/aviso-legal\/","og_locale":"es_ES","og_type":"article","og_title":"Aviso legal - COLPROMAT","og_description":"En virtud del cumplimiento de la Ley 34\/2002, de 11 de Julio, de Servicios de la Sociedad de la Informaci\u00f3n y de Comercio Electr\u00f3nico, le informamos: 1. Objeto. El prestador de servicios de la p\u00e1gina web https:\/\/www.colpromat.com\/es es IL LUSTRE COL LEGI DE PROCURADORS DE MATAR\u00d3 con domicilio social en Plaza de Francisco Tom\u00e1s y&hellip;","og_url":"https:\/\/colpromat.com\/es\/aviso-legal\/","og_site_name":"COLPROMAT","twitter_card":"summary_large_image","twitter_misc":{"Tiempo de lectura":"7 minutos"},"schema":{"@context":"https:\/\/schema.org","@graph":[{"@type":"WebPage","@id":"https:\/\/colpromat.com\/es\/aviso-legal\/","url":"https:\/\/colpromat.com\/es\/aviso-legal\/","name":"Aviso legal - COLPROMAT","isPartOf":{"@id":"https:\/\/colpromat.com\/#website"},"datePublished":"2024-07-24T09:40:24+00:00","dateModified":"2024-07-24T09:40:24+00:00","breadcrumb":{"@id":"https:\/\/colpromat.com\/es\/aviso-legal\/#breadcrumb"},"inLanguage":"es","potentialAction":[{"@type":"ReadAction","target":["https:\/\/colpromat.com\/es\/aviso-legal\/"]}]},{"@type":"BreadcrumbList","@id":"https:\/\/colpromat.com\/es\/aviso-legal\/#breadcrumb","itemListElement":[{"@type":"ListItem","position":1,"name":"Home","item":"https:\/\/colpromat.com\/es\/"},{"@type":"ListItem","position":2,"name":"Aviso legal"}]},{"@type":"WebSite","@id":"https:\/\/colpromat.com\/#website","url":"https:\/\/colpromat.com\/","name":"COLPROMAT","description":"Col\u00b7legi Procuradors de Matar\u00f3","publisher":{"@id":"https:\/\/colpromat.com\/#organization"},"potentialAction":[{"@type":"SearchAction","target":{"@type":"EntryPoint","urlTemplate":"https:\/\/colpromat.com\/?s={search_term_string}"},"query-input":"required name=search_term_string"}],"inLanguage":"es"},{"@type":"Organization","@id":"https:\/\/colpromat.com\/#organization","name":"COLPROMAT","url":"https:\/\/colpromat.com\/","logo":{"@type":"ImageObject","inLanguage":"es","@id":"https:\/\/colpromat.com\/#\/schema\/logo\/image\/","url":"https:\/\/colpromat.com\/wp-content\/uploads\/2024\/03\/carta_procuradors-transformed.png","contentUrl":"https:\/\/colpromat.com\/wp-content\/uploads\/2024\/03\/carta_procuradors-transformed.png","width":906,"height":356,"caption":"COLPROMAT"},"image":{"@id":"https:\/\/colpromat.com\/#\/schema\/logo\/image\/"}}]}},"_links":{"self":[{"href":"https:\/\/colpromat.com\/es\/wp-json\/wp\/v2\/pages\/7393"}],"collection":[{"href":"https:\/\/colpromat.com\/es\/wp-json\/wp\/v2\/pages"}],"about":[{"href":"https:\/\/colpromat.com\/es\/wp-json\/wp\/v2\/types\/page"}],"author":[{"embeddable":true,"href":"https:\/\/colpromat.com\/es\/wp-json\/wp\/v2\/users\/1"}],"replies":[{"embeddable":true,"href":"https:\/\/colpromat.com\/es\/wp-json\/wp\/v2\/comments?post=7393"}],"version-history":[{"count":1,"href":"https:\/\/colpromat.com\/es\/wp-json\/wp\/v2\/pages\/7393\/revisions"}],"predecessor-version":[{"id":7394,"href":"https:\/\/colpromat.com\/es\/wp-json\/wp\/v2\/pages\/7393\/revisions\/7394"}],"wp:attachment":[{"href":"https:\/\/colpromat.com\/es\/wp-json\/wp\/v2\/media?parent=7393"}],"curies":[{"name":"wp","href":"https:\/\/api.w.org\/{rel}","templated":true}]}}