{"id":6746,"date":"2013-11-25T02:21:59","date_gmt":"2013-11-25T02:21:59","guid":{"rendered":"https:\/\/colpromat.com\/blog\/"},"modified":"2024-06-17T08:58:24","modified_gmt":"2024-06-17T08:58:24","slug":"actualidad","status":"publish","type":"page","link":"https:\/\/colpromat.com\/es\/actualidad\/","title":{"rendered":"Actualidad"},"content":{"rendered":"<div class=\"wpb-content-wrapper\">[vc_section][vc_row remove_bottom_col_margin=\u00bbtrue\u00bb css=\u00bb.vc_custom_1718352588603{padding-top: 40px !important;padding-bottom: 80px !important;}\u00bb][vc_column]<div class=\"vcex-module vcex-post-type-grid-wrap wpex-clr\"><div class=\"wpex-row vcex-post-type-grid entries wpex-clr\"><div class=\"vcex-post-type-entry vcex-grid-item wpex-clr col span_1_of_1 col-1 post-7893 entry type-post has-media cat-90 translation_priority-104\"><div class=\"vcex-post-type-entry-inner entry-inner wpex-first-mt-0 wpex-last-mb-0 wpex-clr wpex-shadow-lg\"><div class=\"vcex-post-type-entry-media entry-media wpex-image-hover grow overlay-parent overlay-parent-hover-button overlay-h wpex-overflow-hidden overlay-ms wpex-rounded-0\"><a href=\"https:\/\/colpromat.com\/es\/medalla-de-honor-de-la-generalitat-de-catalunya\/\" title=\"MEDALLA DE HONOR DE LA GENERALITAT DE CATALUNYA\"><img width=\"1221\" height=\"933\" src=\"https:\/\/colpromat.com\/wp-content\/uploads\/2025\/11\/IMG-20251124-WA0018.jpg\" class=\"vcex-blog-entry-img wpex-align-middle wpex-rounded-0\" alt=\"\" loading=\"lazy\" decoding=\"async\" srcset=\"https:\/\/colpromat.com\/wp-content\/uploads\/2025\/11\/IMG-20251124-WA0018.jpg 1221w, https:\/\/colpromat.com\/wp-content\/uploads\/2025\/11\/IMG-20251124-WA0018-300x229.jpg 300w, https:\/\/colpromat.com\/wp-content\/uploads\/2025\/11\/IMG-20251124-WA0018-1024x782.jpg 1024w, https:\/\/colpromat.com\/wp-content\/uploads\/2025\/11\/IMG-20251124-WA0018-768x587.jpg 768w, https:\/\/colpromat.com\/wp-content\/uploads\/2025\/11\/IMG-20251124-WA0018-980x749.jpg 980w\" sizes=\"(max-width: 1221px) 100vw, 1221px\" \/><\/a>\n<div class=\"overlay-hover-button overlay-hide theme-overlay wpex-absolute wpex-inset-0 wpex-transition-all wpex-duration-300 wpex-flex wpex-items-center wpex-justify-center\">\n\t<span class=\"overlay-bg wpex-bg-black wpex-block wpex-absolute wpex-inset-0 wpex-opacity-60\"><\/span>\n\t<div class=\"overlay-content overlay-scale wpex-relative wpex-font-semibold wpex-transition-transform wpex-duration-300 wpex-p-20 wpex-clr\"><a href=\"https:\/\/colpromat.com\/es\/medalla-de-honor-de-la-generalitat-de-catalunya\/\" class=\"overlay-hover-button-link wpex-text-md theme-button minimal-border white\">Veure noticia<\/a><\/div>\n<\/div>\n<\/div><div class=\"vcex-post-type-entry-details entry-details wpex-boxed wpex-p-40 wpex-first-mt-0 wpex-last-mb-0 wpex-clr\" style=\"background-color:#ffffff;\"><h2 class=\"vcex-post-type-entry-title entry-title wpex-mb-5 wpex-child-inherit-color\"  style=\"font-size:25px;color:var(--wpex-accent);font-weight:700;\"><a href=\"https:\/\/colpromat.com\/es\/medalla-de-honor-de-la-generalitat-de-catalunya\/\">MEDALLA DE HONOR DE LA GENERALITAT DE CATALUNYA<\/a><\/h2 ><div class=\"vcex-post-type-entry-date entry-date wpex-text-sm wpex-text-3 wpex-mb-5\">26\/11\/2025<\/div><div class=\"vcex-post-type-entry-excerpt entry-excerpt wpex-my-15 wpex-last-mb-0 wpex-clr\" style=\"font-size:15px;\"><p>El pasado d\u00eda 24 de noviembre se entreg\u00f3 en el Palacio de la Generalitat las Medallas de Honor de la Generalitat de Catalunya por servicios excepcionales a la Just\u00edcia, entre otros operadores jur\u00eddicos y entidades, a nuestro Ilustre Colegio de Procuradores de Matar\u00f3, Arenys de Mar y Vic. Se nos ha otorgado por la dilatada trayectoria del Colegio y por los servicios prestados por todos los colegiados que forman y han formado parte del mismo. Al mencionado Acto asisti\u00f3 la pr\u00e1ctica totalidad de los miembros de la Junta del Consejo de Colegios de Procuradores de Catalu\u00f1a en representaci\u00f3n de la&hellip;<\/p><\/div><div class=\"vcex-post-type-entry-readmore-wrap entry-readmore-wrap wpex-my-15 wpex-clr\"><a href=\"https:\/\/colpromat.com\/es\/medalla-de-honor-de-la-generalitat-de-catalunya\/\" class=\"theme-button\" aria-label=\"Leer m\u00e1s about MEDALLA DE HONOR DE LA GENERALITAT DE CATALUNYA\">Leer m\u00e1s <span class=\"vcex-readmore-rarr\">&rarr;<\/span><\/a><\/div><\/div><\/div><\/div><div class=\"vcex-post-type-entry vcex-grid-item wpex-clr col span_1_of_1 col-1 post-7439 entry type-post no-media cat-90 translation_priority-104\"><div class=\"vcex-post-type-entry-inner entry-inner wpex-first-mt-0 wpex-last-mb-0 wpex-clr wpex-shadow-lg\"><div class=\"vcex-post-type-entry-details entry-details wpex-boxed wpex-p-40 wpex-first-mt-0 wpex-last-mb-0 wpex-clr\" style=\"background-color:#ffffff;\"><h2 class=\"vcex-post-type-entry-title entry-title wpex-mb-5 wpex-child-inherit-color\"  style=\"font-size:25px;color:var(--wpex-accent);font-weight:700;\"><a href=\"https:\/\/colpromat.com\/es\/carta-abierta-a-la-abogacia-y-procura-del-turno-de-oficio\/\">CARTA ABIERTA A LA ABOGACIA Y PROCURA DEL TURNO DE OFICIO<\/a><\/h2 ><div class=\"vcex-post-type-entry-date entry-date wpex-text-sm wpex-text-3 wpex-mb-5\">30\/07\/2024<\/div><div class=\"vcex-post-type-entry-excerpt entry-excerpt wpex-my-15 wpex-last-mb-0 wpex-clr\" style=\"font-size:15px;\"><p>Desde el Departament de Just\u00edcia, Drets i Mem\u00f2ria, su Secretaria nos ha trasladado una valoraci\u00f3n de los trabajos realizados por el departamento para este \u00e1mbito y los retos de futuro que se deriven para la pr\u00f3xima legislatura. Carta abierta a la Abogacia y Procura del Turno de Oficio<\/p><\/div><div class=\"vcex-post-type-entry-readmore-wrap entry-readmore-wrap wpex-my-15 wpex-clr\"><a href=\"https:\/\/colpromat.com\/es\/carta-abierta-a-la-abogacia-y-procura-del-turno-de-oficio\/\" class=\"theme-button\" aria-label=\"Leer m\u00e1s about CARTA ABIERTA A LA ABOGACIA Y PROCURA DEL TURNO DE OFICIO\">Leer m\u00e1s <span class=\"vcex-readmore-rarr\">&rarr;<\/span><\/a><\/div><\/div><\/div><\/div><div class=\"vcex-post-type-entry vcex-grid-item wpex-clr col span_1_of_1 col-1 post-7386 entry type-post has-media cat-90 translation_priority-104\"><div class=\"vcex-post-type-entry-inner entry-inner wpex-first-mt-0 wpex-last-mb-0 wpex-clr wpex-shadow-lg\"><div class=\"vcex-post-type-entry-media entry-media wpex-image-hover grow overlay-parent overlay-parent-hover-button overlay-h wpex-overflow-hidden overlay-ms wpex-rounded-0\"><a href=\"https:\/\/colpromat.com\/es\/visita-institucional-proyecto-palacio-de-justicia-en-mataro\/\" title=\"VISITA INSTITUCIONAL PROYECTO PALACIO DE JUSTICIA EN MATAR\u00d3\"><img width=\"1280\" height=\"932\" src=\"https:\/\/colpromat.com\/wp-content\/uploads\/2024\/07\/msg-1001802569155-4036.jpg\" class=\"vcex-blog-entry-img wpex-align-middle wpex-rounded-0\" alt=\"\" loading=\"lazy\" decoding=\"async\" srcset=\"https:\/\/colpromat.com\/wp-content\/uploads\/2024\/07\/msg-1001802569155-4036.jpg 1280w, https:\/\/colpromat.com\/wp-content\/uploads\/2024\/07\/msg-1001802569155-4036-300x218.jpg 300w, https:\/\/colpromat.com\/wp-content\/uploads\/2024\/07\/msg-1001802569155-4036-1024x746.jpg 1024w, https:\/\/colpromat.com\/wp-content\/uploads\/2024\/07\/msg-1001802569155-4036-768x559.jpg 768w, https:\/\/colpromat.com\/wp-content\/uploads\/2024\/07\/msg-1001802569155-4036-980x714.jpg 980w\" sizes=\"(max-width: 1280px) 100vw, 1280px\" \/><\/a>\n<div class=\"overlay-hover-button overlay-hide theme-overlay wpex-absolute wpex-inset-0 wpex-transition-all wpex-duration-300 wpex-flex wpex-items-center wpex-justify-center\">\n\t<span class=\"overlay-bg wpex-bg-black wpex-block wpex-absolute wpex-inset-0 wpex-opacity-60\"><\/span>\n\t<div class=\"overlay-content overlay-scale wpex-relative wpex-font-semibold wpex-transition-transform wpex-duration-300 wpex-p-20 wpex-clr\"><a href=\"https:\/\/colpromat.com\/es\/visita-institucional-proyecto-palacio-de-justicia-en-mataro\/\" class=\"overlay-hover-button-link wpex-text-md theme-button minimal-border white\">Veure noticia<\/a><\/div>\n<\/div>\n<\/div><div class=\"vcex-post-type-entry-details entry-details wpex-boxed wpex-p-40 wpex-first-mt-0 wpex-last-mb-0 wpex-clr\" style=\"background-color:#ffffff;\"><h2 class=\"vcex-post-type-entry-title entry-title wpex-mb-5 wpex-child-inherit-color\"  style=\"font-size:25px;color:var(--wpex-accent);font-weight:700;\"><a href=\"https:\/\/colpromat.com\/es\/visita-institucional-proyecto-palacio-de-justicia-en-mataro\/\">VISITA INSTITUCIONAL PROYECTO PALACIO DE JUSTICIA EN MATAR\u00d3<\/a><\/h2 ><div class=\"vcex-post-type-entry-date entry-date wpex-text-sm wpex-text-3 wpex-mb-5\">22\/07\/2024<\/div><div class=\"vcex-post-type-entry-excerpt entry-excerpt wpex-my-15 wpex-last-mb-0 wpex-clr\" style=\"font-size:15px;\"><p>El proyecto del Palacio de Justicia en Matar\u00f3 ya se ha licitado y ser\u00e1 una realidad en el a\u00f1o 2028, con una inversi\u00f3n de 9,5 millones de euros La Consellera Ubasart se reuni\u00f3 el viernes 12\/07\/24 en Matar\u00f3 con autoridades judiciales, operadores jur\u00eddicos y representantes locales para presentarles el nuevo proyecto para los Juzgados de la ciudad. M\u00e1s informaci\u00f3n: El projecte del Palau de la Just\u00edcia a Matar... - Govern.cat &nbsp; &nbsp;<\/p><\/div><div class=\"vcex-post-type-entry-readmore-wrap entry-readmore-wrap wpex-my-15 wpex-clr\"><a href=\"https:\/\/colpromat.com\/es\/visita-institucional-proyecto-palacio-de-justicia-en-mataro\/\" class=\"theme-button\" aria-label=\"Leer m\u00e1s about VISITA INSTITUCIONAL PROYECTO PALACIO DE JUSTICIA EN MATAR\u00d3\">Leer m\u00e1s <span class=\"vcex-readmore-rarr\">&rarr;<\/span><\/a><\/div><\/div><\/div><\/div><\/div><\/div>[\/vc_column][\/vc_row][\/vc_section]\n<\/div>","protected":false},"excerpt":{"rendered":"<p>[vc_section][vc_row remove_bottom_col_margin=\u00bbtrue\u00bb css=\u00bb.vc_custom_1718352588603{padding-top: 40px !important;padding-bottom: 80px !important;}\u00bb][vc_column][\/vc_column][\/vc_row][\/vc_section]<\/p>\n","protected":false},"author":1,"featured_media":0,"parent":0,"menu_order":0,"comment_status":"closed","ping_status":"closed","template":"","meta":{"_acf_changed":false,"footnotes":""},"acf":[],"yoast_head":"<!-- This site is optimized with the Yoast SEO plugin v22.9 - https:\/\/yoast.com\/wordpress\/plugins\/seo\/ -->\n<title>Actualidad - COLPROMAT<\/title>\n<meta name=\"robots\" content=\"index, follow, max-snippet:-1, max-image-preview:large, max-video-preview:-1\" \/>\n<link rel=\"canonical\" href=\"https:\/\/colpromat.com\/actualitat\/\" \/>\n<meta property=\"og:locale\" content=\"es_ES\" \/>\n<meta property=\"og:type\" content=\"article\" \/>\n<meta property=\"og:title\" content=\"Actualidad - COLPROMAT\" \/>\n<meta property=\"og:description\" content=\"[vc_section][vc_row remove_bottom_col_margin=\u00bbtrue\u00bb css=\u00bb.vc_custom_1718352588603{padding-top: 40px !important;padding-bottom: 80px !important;}\u00bb][vc_column][\/vc_column][\/vc_row][\/vc_section]\" \/>\n<meta property=\"og:url\" content=\"https:\/\/colpromat.com\/actualitat\/\" \/>\n<meta property=\"og:site_name\" content=\"COLPROMAT\" \/>\n<meta property=\"article:modified_time\" content=\"2024-06-17T08:58:24+00:00\" \/>\n<meta name=\"twitter:card\" content=\"summary_large_image\" \/>\n<meta name=\"twitter:label1\" content=\"Tiempo de lectura\" \/>\n\t<meta name=\"twitter:data1\" content=\"1 minuto\" \/>\n<script type=\"application\/ld+json\" class=\"yoast-schema-graph\">{\"@context\":\"https:\/\/schema.org\",\"@graph\":[{\"@type\":\"WebPage\",\"@id\":\"https:\/\/colpromat.com\/actualitat\/\",\"url\":\"https:\/\/colpromat.com\/actualitat\/\",\"name\":\"Actualidad - COLPROMAT\",\"isPartOf\":{\"@id\":\"https:\/\/colpromat.com\/#website\"},\"datePublished\":\"2013-11-25T02:21:59+00:00\",\"dateModified\":\"2024-06-17T08:58:24+00:00\",\"breadcrumb\":{\"@id\":\"https:\/\/colpromat.com\/actualitat\/#breadcrumb\"},\"inLanguage\":\"es\",\"potentialAction\":[{\"@type\":\"ReadAction\",\"target\":[\"https:\/\/colpromat.com\/actualitat\/\"]}]},{\"@type\":\"BreadcrumbList\",\"@id\":\"https:\/\/colpromat.com\/actualitat\/#breadcrumb\",\"itemListElement\":[{\"@type\":\"ListItem\",\"position\":1,\"name\":\"Home\",\"item\":\"https:\/\/colpromat.com\/es\/\"},{\"@type\":\"ListItem\",\"position\":2,\"name\":\"Actualidad\"}]},{\"@type\":\"WebSite\",\"@id\":\"https:\/\/colpromat.com\/#website\",\"url\":\"https:\/\/colpromat.com\/\",\"name\":\"COLPROMAT\",\"description\":\"Col\u00b7legi Procuradors de Matar\u00f3\",\"publisher\":{\"@id\":\"https:\/\/colpromat.com\/#organization\"},\"potentialAction\":[{\"@type\":\"SearchAction\",\"target\":{\"@type\":\"EntryPoint\",\"urlTemplate\":\"https:\/\/colpromat.com\/?s={search_term_string}\"},\"query-input\":\"required name=search_term_string\"}],\"inLanguage\":\"es\"},{\"@type\":\"Organization\",\"@id\":\"https:\/\/colpromat.com\/#organization\",\"name\":\"COLPROMAT\",\"url\":\"https:\/\/colpromat.com\/\",\"logo\":{\"@type\":\"ImageObject\",\"inLanguage\":\"es\",\"@id\":\"https:\/\/colpromat.com\/#\/schema\/logo\/image\/\",\"url\":\"https:\/\/colpromat.com\/wp-content\/uploads\/2024\/03\/carta_procuradors-transformed.png\",\"contentUrl\":\"https:\/\/colpromat.com\/wp-content\/uploads\/2024\/03\/carta_procuradors-transformed.png\",\"width\":906,\"height\":356,\"caption\":\"COLPROMAT\"},\"image\":{\"@id\":\"https:\/\/colpromat.com\/#\/schema\/logo\/image\/\"}}]}<\/script>\n<!-- \/ Yoast SEO plugin. -->","yoast_head_json":{"title":"Actualidad - COLPROMAT","robots":{"index":"index","follow":"follow","max-snippet":"max-snippet:-1","max-image-preview":"max-image-preview:large","max-video-preview":"max-video-preview:-1"},"canonical":"https:\/\/colpromat.com\/actualitat\/","og_locale":"es_ES","og_type":"article","og_title":"Actualidad - COLPROMAT","og_description":"[vc_section][vc_row remove_bottom_col_margin=\u00bbtrue\u00bb css=\u00bb.vc_custom_1718352588603{padding-top: 40px !important;padding-bottom: 80px !important;}\u00bb][vc_column][\/vc_column][\/vc_row][\/vc_section]","og_url":"https:\/\/colpromat.com\/actualitat\/","og_site_name":"COLPROMAT","article_modified_time":"2024-06-17T08:58:24+00:00","twitter_card":"summary_large_image","twitter_misc":{"Tiempo de lectura":"1 minuto"},"schema":{"@context":"https:\/\/schema.org","@graph":[{"@type":"WebPage","@id":"https:\/\/colpromat.com\/actualitat\/","url":"https:\/\/colpromat.com\/actualitat\/","name":"Actualidad - COLPROMAT","isPartOf":{"@id":"https:\/\/colpromat.com\/#website"},"datePublished":"2013-11-25T02:21:59+00:00","dateModified":"2024-06-17T08:58:24+00:00","breadcrumb":{"@id":"https:\/\/colpromat.com\/actualitat\/#breadcrumb"},"inLanguage":"es","potentialAction":[{"@type":"ReadAction","target":["https:\/\/colpromat.com\/actualitat\/"]}]},{"@type":"BreadcrumbList","@id":"https:\/\/colpromat.com\/actualitat\/#breadcrumb","itemListElement":[{"@type":"ListItem","position":1,"name":"Home","item":"https:\/\/colpromat.com\/es\/"},{"@type":"ListItem","position":2,"name":"Actualidad"}]},{"@type":"WebSite","@id":"https:\/\/colpromat.com\/#website","url":"https:\/\/colpromat.com\/","name":"COLPROMAT","description":"Col\u00b7legi Procuradors de Matar\u00f3","publisher":{"@id":"https:\/\/colpromat.com\/#organization"},"potentialAction":[{"@type":"SearchAction","target":{"@type":"EntryPoint","urlTemplate":"https:\/\/colpromat.com\/?s={search_term_string}"},"query-input":"required name=search_term_string"}],"inLanguage":"es"},{"@type":"Organization","@id":"https:\/\/colpromat.com\/#organization","name":"COLPROMAT","url":"https:\/\/colpromat.com\/","logo":{"@type":"ImageObject","inLanguage":"es","@id":"https:\/\/colpromat.com\/#\/schema\/logo\/image\/","url":"https:\/\/colpromat.com\/wp-content\/uploads\/2024\/03\/carta_procuradors-transformed.png","contentUrl":"https:\/\/colpromat.com\/wp-content\/uploads\/2024\/03\/carta_procuradors-transformed.png","width":906,"height":356,"caption":"COLPROMAT"},"image":{"@id":"https:\/\/colpromat.com\/#\/schema\/logo\/image\/"}}]}},"_links":{"self":[{"href":"https:\/\/colpromat.com\/es\/wp-json\/wp\/v2\/pages\/6746"}],"collection":[{"href":"https:\/\/colpromat.com\/es\/wp-json\/wp\/v2\/pages"}],"about":[{"href":"https:\/\/colpromat.com\/es\/wp-json\/wp\/v2\/types\/page"}],"author":[{"embeddable":true,"href":"https:\/\/colpromat.com\/es\/wp-json\/wp\/v2\/users\/1"}],"replies":[{"embeddable":true,"href":"https:\/\/colpromat.com\/es\/wp-json\/wp\/v2\/comments?post=6746"}],"version-history":[{"count":4,"href":"https:\/\/colpromat.com\/es\/wp-json\/wp\/v2\/pages\/6746\/revisions"}],"predecessor-version":[{"id":7194,"href":"https:\/\/colpromat.com\/es\/wp-json\/wp\/v2\/pages\/6746\/revisions\/7194"}],"wp:attachment":[{"href":"https:\/\/colpromat.com\/es\/wp-json\/wp\/v2\/media?parent=6746"}],"curies":[{"name":"wp","href":"https:\/\/api.w.org\/{rel}","templated":true}]}}