{"id":6722,"date":"2024-04-26T09:20:26","date_gmt":"2024-04-26T09:20:26","guid":{"rendered":"https:\/\/colpromat.com\/finalidades-de-colegio\/"},"modified":"2024-06-18T09:39:18","modified_gmt":"2024-06-18T09:39:18","slug":"finalidades-de-colegio","status":"publish","type":"page","link":"https:\/\/colpromat.com\/es\/finalidades-de-colegio\/","title":{"rendered":"Finalidades de colegio"},"content":{"rendered":"<div class=\"wpb-content-wrapper\">[vc_section full_width=\u00bbstretch_row\u00bb css=\u00bb.vc_custom_1710153369576{padding-top: 90px !important;padding-bottom: 90px !important;background-image: url(https:\/\/colpromat.com\/wp-content\/uploads\/2024\/03\/logo-bg-4.png?id=4948) !important;background-position: center !important;background-repeat: no-repeat !important;background-size: cover !important;}\u00bb][vc_row remove_bottom_col_margin=\u00bbtrue\u00bb][vc_column]<style>.vcex-heading.vcex_69ebb33900698{color:#711c32;font-size:27px;text-transform:uppercase;}<\/style><h2 class=\"vcex-heading vcex-heading-plain vcex-module wpex-heading wpex-text-2xl wpex-mb-20 wpex-text-left vcex_69ebb33900698\"><span class=\"vcex-heading-inner wpex-inline-block\">Funciones del colegio<\/span><\/h2>[vc_column_text text_align=\u00bbleft\u00bb color=\u00bb#303030&#8243; font_size=\u00bb18px\u00bb font_weight=\u00bb300&#8243;]\n<p style=\"text-align: justify;\">El <strong>ilustre Colegio de Procuradores de los Tribunales de Matar\u00f3<\/strong> tiene como finalidad esencial velar por que la actuaci\u00f3n de sus personas colegiadas responda a los intereses ya las necesidades de la sociedad en relaci\u00f3n con el ejercicio profesional de la procura y, en especial, garantizar el cumplimiento de la buena pr\u00e1ctica y de las obligaciones deontol\u00f3gicas de la profesi\u00f3n y la protecci\u00f3n de los intereses de las personas usuarias y consumidoras de los servicios profesionales. Tambi\u00e9n tiene como finalidad la ordenaci\u00f3n, representaci\u00f3n y defensa de la profesi\u00f3n y de los intereses profesionales de las personas colegiadas.<\/p>\n[\/vc_column_text][\/vc_column][\/vc_row][vc_row remove_bottom_col_margin=\u00bbtrue\u00bb css=\u00bb.vc_custom_1714124174088{padding-top: 35px !important;}\u00bb][vc_column]<style>.vcex-heading.vcex_69ebb33902059{color:#711c32;font-size:20px;}<\/style><h2 class=\"vcex-heading vcex-heading-plain vcex-module wpex-heading wpex-text-2xl wpex-text-left vcex_69ebb33902059\"><span class=\"vcex-heading-inner wpex-inline-block\">Son fines del Colegio:<\/span><\/h2><div class=\"vcex-spacing wpex-w-100 wpex-clear\" style=\"height:25px;\"><\/div>[vc_column_text font_size=\u00bb18px\u00bb]\n<ul>\n<li>La formaci\u00f3n profesional permanente de los procuradores.<\/li>\n<li>El control deontol\u00f3gico y la aplicaci\u00f3n del r\u00e9gimen disciplinario en garant\u00eda de la sociedad.<\/li>\n<li>La colaboraci\u00f3n efectiva en el correcto funcionamiento, promoci\u00f3n y mejora de la Administraci\u00f3n de Justicia.<\/li>\n<li>La representaci\u00f3n institucional de la procura y defensa de los derechos e intereses profesionales de sus colegiados.<\/li>\n<\/ul>\n<p style=\"text-align: justify;\">En su condici\u00f3n de corporaci\u00f3n de derecho p\u00fablico, el ilustre Colegio de Procuradores de los Tribunales de Matar\u00f3 est\u00e1 sujeto al r\u00e9gimen de responsabilidad patrimonial de las administraciones p\u00fablicas en todo lo referente al ejercicio de las funciones p\u00fablicas atribuidas por la Ley.<\/p>\n<p style=\"text-align: justify;\">El Colegio est\u00e1 constituido por los actuales colegiados y por quienes, sucesivamente, reuniendo las condiciones exigidas por las disposiciones legales vigentes para ser procurador de los tribunales y las que se establezcan en los presentes Estatutos, hayan obtenido su incorporaci\u00f3n.<\/p>\n[\/vc_column_text]<div class=\"vcex-spacing wpex-w-100 wpex-clear\" style=\"height:25px;\"><\/div><style>.vcex-heading.vcex_69ebb33902b1f{color:#711c32;font-size:20px;}<\/style><h2 class=\"vcex-heading vcex-heading-plain vcex-module wpex-heading wpex-text-2xl wpex-text-left vcex_69ebb33902b1f\"><span class=\"vcex-heading-inner wpex-inline-block\">Los colegiados son:<\/span><\/h2><div class=\"vcex-spacing wpex-w-100 wpex-clear\" style=\"height:25px;\"><\/div>[vc_column_text font_size=\u00bb18px\u00bb]\n<ul>\n<li>Procuradores en ejercicio.<\/li>\n<li>Procuradores no ejercientes.<\/li>\n<\/ul>\n[\/vc_column_text][\/vc_column][\/vc_row][\/vc_section][vc_row full_width=\u00bbstretch_row_content_no_spaces\u00bb remove_bottom_col_margin=\u00bbtrue\u00bb][vc_column]<div class=\"vcex-divider-multicolor vcex-module wpex-flex wpex-w-100 wpex-m-auto\"><span class=\"vcex-divider-multicolor__item wpex-flex-grow\" style=\"background:#731d33;\"><\/span><span class=\"vcex-divider-multicolor__item wpex-flex-grow\" style=\"background:#887e75;\"><\/span><\/div>[\/vc_column][\/vc_row][vc_row remove_bottom_col_margin=\u00bbtrue\u00bb][vc_column]<div class=\"templatera_shortcode\"><style type=\"text\/css\" data-type=\"vc_shortcodes-custom-css\">.vc_custom_1710237645465{padding-top: 90px !important;padding-bottom: 80px !important;background-color: rgba(136,126,117,0.1) !important;*background-color: rgb(136,126,117) !important;}.vc_custom_1710237089652{padding-bottom: 20px !important;}<\/style><div data-vc-full-width=\"true\" data-vc-full-width-init=\"false\" class=\"vc_section vc_custom_1710237645465 wpex-vc_section-has-fill wpex-vc-row-stretched\"><div class=\"vc_row wpb_row vc_row-fluid vc_custom_1710237089652 vc_row-o-content-middle vc_row-flex no-bottom-margins\"><div class=\"wpb_column vc_column_container vc_col-sm-12\"><div class=\"vc_column-inner\"><div class=\"wpb_wrapper\"><style>.vcex-heading.vcex_69ebb33908cf0{color:#721d33;font-size:30px;text-transform:uppercase;}<\/style><h2 class=\"vcex-heading vcex-heading-plain vcex-module wpex-heading wpex-text-2xl wpex-text-left vcex_69ebb33908cf0\"><span class=\"vcex-heading-inner wpex-inline-block\">COLABORADORES<\/span><\/h2><div class=\"vcex-spacing wpex-w-100 wpex-clear\"><\/div><style class=\"vcex-carousel-preload-css\">.vcex_69ebb339120b4{--wpex-carousel-gap:15px;}.vcex_69ebb339120b4{--wpex-carousel-columns:1;}.vcex_69ebb339120b4.wpex-carousel:not(.owl-loaded) > *:not(:nth-child(1n+2)) {display: flex !important;}@media only screen and (min-width: 480px) {.vcex_69ebb339120b4{--wpex-carousel-columns:2;}.vcex_69ebb339120b4.wpex-carousel:not(.owl-loaded) > *:not(:nth-child(1n+3)) {display: flex !important;}}@media only screen and (min-width: 768px) {.vcex_69ebb339120b4{--wpex-carousel-columns:3;}.vcex_69ebb339120b4.wpex-carousel:not(.owl-loaded) > *:not(:nth-child(1n+4)) {display: flex !important;}}@media only screen and (min-width: 960px) {.vcex_69ebb339120b4{--wpex-carousel-columns:5;}.vcex_69ebb339120b4.wpex-carousel:not(.owl-loaded) > *:not(:nth-child(1n+6)) {display: flex !important;}}<\/style><div class=\"vcex-module wpex-carousel wpex-carousel-images wpex-clr owl-carousel wpex-carousel--render-onload vcex_69ebb339120b4 arrwstyle-slim arrwpos-abs\" data-wpex-carousel=\"{&quot;autoplay&quot;:&quot;true&quot;,&quot;slideBy&quot;:1,&quot;items&quot;:5,&quot;responsive&quot;:{&quot;0&quot;:{&quot;items&quot;:&quot;1&quot;},&quot;480&quot;:{&quot;items&quot;:&quot;2&quot;},&quot;768&quot;:{&quot;items&quot;:&quot;3&quot;},&quot;960&quot;:{&quot;items&quot;:5}}}\"><div class=\"wpex-carousel-slide\"><figure class=\"wpex-carousel-entry-media entry-media\"><a href=\"https:\/\/ejcat.justicia.gencat.cat\/IAP-ng\/\" class=\"wpex-carousel-entry-img\" target=\"_blank\" rel=\"noopener noreferrer\"><img width=\"600\" height=\"600\" src=\"https:\/\/colpromat.com\/wp-content\/uploads\/2024\/04\/img-colaboradors-1.jpg\" class=\"wpex-align-middle skip-lazy\" alt=\"\" data-no-lazy=\"1\" srcset=\"https:\/\/colpromat.com\/wp-content\/uploads\/2024\/04\/img-colaboradors-1.jpg 600w, https:\/\/colpromat.com\/wp-content\/uploads\/2024\/04\/img-colaboradors-1-300x300.jpg 300w, https:\/\/colpromat.com\/wp-content\/uploads\/2024\/04\/img-colaboradors-1-150x150.jpg 150w, https:\/\/colpromat.com\/wp-content\/uploads\/2024\/04\/img-colaboradors-1-100x100.jpg 100w\" sizes=\"(max-width: 600px) 100vw, 600px\" \/><\/a><\/figure><\/div><div class=\"wpex-carousel-slide\"><figure class=\"wpex-carousel-entry-media entry-media\"><a href=\"https:\/\/sedejudicial.justicia.es\/ca\/-\/lexnet\" class=\"wpex-carousel-entry-img\" target=\"_blank\" rel=\"noopener noreferrer\"><img width=\"600\" height=\"600\" src=\"https:\/\/colpromat.com\/wp-content\/uploads\/2024\/04\/img-colaboradors-2.jpg\" class=\"wpex-align-middle skip-lazy\" alt=\"\" data-no-lazy=\"1\" srcset=\"https:\/\/colpromat.com\/wp-content\/uploads\/2024\/04\/img-colaboradors-2.jpg 600w, https:\/\/colpromat.com\/wp-content\/uploads\/2024\/04\/img-colaboradors-2-300x300.jpg 300w, https:\/\/colpromat.com\/wp-content\/uploads\/2024\/04\/img-colaboradors-2-150x150.jpg 150w, https:\/\/colpromat.com\/wp-content\/uploads\/2024\/04\/img-colaboradors-2-100x100.jpg 100w\" sizes=\"(max-width: 600px) 100vw, 600px\" \/><\/a><\/figure><\/div><div class=\"wpex-carousel-slide\"><figure class=\"wpex-carousel-entry-media entry-media\"><a href=\"https:\/\/www.bancosantander.es\/particulares\/colectivos-profesionales\/justicia\" class=\"wpex-carousel-entry-img\" target=\"_blank\" rel=\"noopener noreferrer\"><img width=\"600\" height=\"600\" src=\"https:\/\/colpromat.com\/wp-content\/uploads\/2024\/04\/img-colaboradors-3-1.jpg\" class=\"wpex-align-middle skip-lazy\" alt=\"\" data-no-lazy=\"1\" srcset=\"https:\/\/colpromat.com\/wp-content\/uploads\/2024\/04\/img-colaboradors-3-1.jpg 600w, https:\/\/colpromat.com\/wp-content\/uploads\/2024\/04\/img-colaboradors-3-1-300x300.jpg 300w, https:\/\/colpromat.com\/wp-content\/uploads\/2024\/04\/img-colaboradors-3-1-150x150.jpg 150w, https:\/\/colpromat.com\/wp-content\/uploads\/2024\/04\/img-colaboradors-3-1-100x100.jpg 100w\" sizes=\"(max-width: 600px) 100vw, 600px\" \/><\/a><\/figure><\/div><div class=\"wpex-carousel-slide\"><figure class=\"wpex-carousel-entry-media entry-media\"><a href=\"https:\/\/www.cgpe.es\/ventanilla-unica-2\/\" class=\"wpex-carousel-entry-img\" target=\"_blank\" rel=\"noopener noreferrer\"><img width=\"600\" height=\"600\" src=\"https:\/\/colpromat.com\/wp-content\/uploads\/2024\/04\/img-colaboradors-4.jpg\" class=\"wpex-align-middle skip-lazy\" alt=\"\" data-no-lazy=\"1\" srcset=\"https:\/\/colpromat.com\/wp-content\/uploads\/2024\/04\/img-colaboradors-4.jpg 600w, https:\/\/colpromat.com\/wp-content\/uploads\/2024\/04\/img-colaboradors-4-300x300.jpg 300w, https:\/\/colpromat.com\/wp-content\/uploads\/2024\/04\/img-colaboradors-4-150x150.jpg 150w, https:\/\/colpromat.com\/wp-content\/uploads\/2024\/04\/img-colaboradors-4-100x100.jpg 100w\" sizes=\"(max-width: 600px) 100vw, 600px\" \/><\/a><\/figure><\/div><div class=\"wpex-carousel-slide\"><figure class=\"wpex-carousel-entry-media entry-media\"><a href=\"https:\/\/www.procuradorscat.cat\/\" class=\"wpex-carousel-entry-img\" target=\"_blank\" rel=\"noopener noreferrer\"><img width=\"600\" height=\"600\" src=\"https:\/\/colpromat.com\/wp-content\/uploads\/2024\/04\/img-colaboradors-5.jpg\" class=\"wpex-align-middle skip-lazy\" alt=\"\" data-no-lazy=\"1\" srcset=\"https:\/\/colpromat.com\/wp-content\/uploads\/2024\/04\/img-colaboradors-5.jpg 600w, https:\/\/colpromat.com\/wp-content\/uploads\/2024\/04\/img-colaboradors-5-300x300.jpg 300w, https:\/\/colpromat.com\/wp-content\/uploads\/2024\/04\/img-colaboradors-5-150x150.jpg 150w, https:\/\/colpromat.com\/wp-content\/uploads\/2024\/04\/img-colaboradors-5-100x100.jpg 100w\" sizes=\"(max-width: 600px) 100vw, 600px\" \/><\/a><\/figure><\/div><div class=\"wpex-carousel-slide\"><figure class=\"wpex-carousel-entry-media entry-media\"><a href=\"https:\/\/www.poderjudicial.es\/cgpj\/\" class=\"wpex-carousel-entry-img\" target=\"_blank\" rel=\"noopener noreferrer\"><img width=\"600\" height=\"600\" src=\"https:\/\/colpromat.com\/wp-content\/uploads\/2024\/04\/img-colaboradors-6-1.jpg\" class=\"wpex-align-middle skip-lazy\" alt=\"\" data-no-lazy=\"1\" srcset=\"https:\/\/colpromat.com\/wp-content\/uploads\/2024\/04\/img-colaboradors-6-1.jpg 600w, https:\/\/colpromat.com\/wp-content\/uploads\/2024\/04\/img-colaboradors-6-1-300x300.jpg 300w, https:\/\/colpromat.com\/wp-content\/uploads\/2024\/04\/img-colaboradors-6-1-150x150.jpg 150w, https:\/\/colpromat.com\/wp-content\/uploads\/2024\/04\/img-colaboradors-6-1-100x100.jpg 100w\" sizes=\"(max-width: 600px) 100vw, 600px\" \/><\/a><\/figure><\/div><\/div><\/div><\/div><\/div><\/div><\/div><div class=\"vc_row-full-width vc_clearfix\"><\/div><\/div>[\/vc_column][\/vc_row][vc_row remove_bottom_col_margin=\u00bbtrue\u00bb][vc_column]<div class=\"templatera_shortcode\"><style type=\"text\/css\" data-type=\"vc_shortcodes-custom-css\">.vc_custom_1710153851928{padding-top: 50px !important;padding-bottom: 50px !important;background-color: #721d33 !important;}.vc_custom_1717656905713{padding-bottom: 15px !important;}<\/style><div data-vc-full-width=\"true\" data-vc-full-width-init=\"false\" class=\"vc_row wpb_row vc_row-fluid vc_custom_1710153851928 vc_row-o-content-middle vc_row-flex wpex-vc_row-has-fill wpex-vc-row-stretched no-bottom-margins wpex-parallax-bg-wrap wpex-relative\"><div class=\"wpb_column vc_column_container vc_col-sm-8\"><div class=\"vc_column-inner\"><div class=\"wpb_wrapper\"><style>.vcex-heading.vcex_69ebb3391854e{color:#ffffff;font-size:30px;font-weight:400;}<\/style><h2 class=\"vcex-heading vcex-heading-plain vcex-module wpex-heading wpex-text-2xl wpex-text-left vc_custom_1717656905713 vcex_69ebb3391854e\"><span class=\"vcex-heading-inner wpex-inline-block\">\u00bfNecesitas m\u00e1s informaci\u00f3n?<\/span><\/h2><\/div><\/div><\/div><div class=\"wpb_column vc_column_container vc_col-sm-4\"><div class=\"vc_column-inner\"><div class=\"wpb_wrapper\"><a href=\"\/es\/contacte\/\" class=\"vcex-button theme-button minimal-border inline\" style=\"background:rgba(255,255,255,0.01);padding-top:10px;padding-bottom:10px;color:#ffffff;border:1px solid #fff;font-size:16px;\" data-wpex-hover='{&quot;background&quot;:&quot;#ffffff&quot;,&quot;color&quot;:&quot;#721d33&quot;}'><span class=\"vcex-button-inner theme-button-inner\">Contacta con nosotros<span class=\"vcex-button-icon vcex-icon-wrap theme-button-icon-right\"><span class=\"ticon ticon-envelope-o\" aria-hidden=\"true\"><\/span><\/span><\/span><\/a> <\/div><\/div><\/div><\/div><div class=\"vc_row-full-width vc_clearfix\"><\/div><\/div>[\/vc_column][\/vc_row]\n<\/div>","protected":false},"excerpt":{"rendered":"","protected":false},"author":1,"featured_media":0,"parent":0,"menu_order":0,"comment_status":"closed","ping_status":"closed","template":"","meta":{"_acf_changed":false,"footnotes":""},"acf":[],"yoast_head":"<!-- This site is optimized with the Yoast SEO plugin v22.9 - https:\/\/yoast.com\/wordpress\/plugins\/seo\/ -->\n<title>Finalidades de colegio - COLPROMAT<\/title>\n<meta name=\"robots\" content=\"index, follow, max-snippet:-1, max-image-preview:large, max-video-preview:-1\" \/>\n<link rel=\"canonical\" href=\"https:\/\/colpromat.com\/es\/finalidades-de-colegio\/\" \/>\n<meta property=\"og:locale\" content=\"es_ES\" \/>\n<meta property=\"og:type\" content=\"article\" \/>\n<meta property=\"og:title\" content=\"Finalidades de colegio - COLPROMAT\" \/>\n<meta property=\"og:url\" content=\"https:\/\/colpromat.com\/es\/finalidades-de-colegio\/\" \/>\n<meta property=\"og:site_name\" content=\"COLPROMAT\" \/>\n<meta property=\"article:modified_time\" content=\"2024-06-18T09:39:18+00:00\" \/>\n<meta name=\"twitter:card\" content=\"summary_large_image\" \/>\n<meta name=\"twitter:label1\" content=\"Tiempo de lectura\" \/>\n\t<meta name=\"twitter:data1\" content=\"2 minutos\" \/>\n<script type=\"application\/ld+json\" class=\"yoast-schema-graph\">{\"@context\":\"https:\/\/schema.org\",\"@graph\":[{\"@type\":\"WebPage\",\"@id\":\"https:\/\/colpromat.com\/es\/finalidades-de-colegio\/\",\"url\":\"https:\/\/colpromat.com\/es\/finalidades-de-colegio\/\",\"name\":\"Finalidades de colegio - COLPROMAT\",\"isPartOf\":{\"@id\":\"https:\/\/colpromat.com\/#website\"},\"datePublished\":\"2024-04-26T09:20:26+00:00\",\"dateModified\":\"2024-06-18T09:39:18+00:00\",\"breadcrumb\":{\"@id\":\"https:\/\/colpromat.com\/es\/finalidades-de-colegio\/#breadcrumb\"},\"inLanguage\":\"es\",\"potentialAction\":[{\"@type\":\"ReadAction\",\"target\":[\"https:\/\/colpromat.com\/es\/finalidades-de-colegio\/\"]}]},{\"@type\":\"BreadcrumbList\",\"@id\":\"https:\/\/colpromat.com\/es\/finalidades-de-colegio\/#breadcrumb\",\"itemListElement\":[{\"@type\":\"ListItem\",\"position\":1,\"name\":\"Home\",\"item\":\"https:\/\/colpromat.com\/es\/\"},{\"@type\":\"ListItem\",\"position\":2,\"name\":\"Finalidades de colegio\"}]},{\"@type\":\"WebSite\",\"@id\":\"https:\/\/colpromat.com\/#website\",\"url\":\"https:\/\/colpromat.com\/\",\"name\":\"COLPROMAT\",\"description\":\"Col\u00b7legi Procuradors de Matar\u00f3\",\"publisher\":{\"@id\":\"https:\/\/colpromat.com\/#organization\"},\"potentialAction\":[{\"@type\":\"SearchAction\",\"target\":{\"@type\":\"EntryPoint\",\"urlTemplate\":\"https:\/\/colpromat.com\/?s={search_term_string}\"},\"query-input\":\"required name=search_term_string\"}],\"inLanguage\":\"es\"},{\"@type\":\"Organization\",\"@id\":\"https:\/\/colpromat.com\/#organization\",\"name\":\"COLPROMAT\",\"url\":\"https:\/\/colpromat.com\/\",\"logo\":{\"@type\":\"ImageObject\",\"inLanguage\":\"es\",\"@id\":\"https:\/\/colpromat.com\/#\/schema\/logo\/image\/\",\"url\":\"https:\/\/colpromat.com\/wp-content\/uploads\/2024\/03\/carta_procuradors-transformed.png\",\"contentUrl\":\"https:\/\/colpromat.com\/wp-content\/uploads\/2024\/03\/carta_procuradors-transformed.png\",\"width\":906,\"height\":356,\"caption\":\"COLPROMAT\"},\"image\":{\"@id\":\"https:\/\/colpromat.com\/#\/schema\/logo\/image\/\"}}]}<\/script>\n<!-- \/ Yoast SEO plugin. -->","yoast_head_json":{"title":"Finalidades de colegio - COLPROMAT","robots":{"index":"index","follow":"follow","max-snippet":"max-snippet:-1","max-image-preview":"max-image-preview:large","max-video-preview":"max-video-preview:-1"},"canonical":"https:\/\/colpromat.com\/es\/finalidades-de-colegio\/","og_locale":"es_ES","og_type":"article","og_title":"Finalidades de colegio - COLPROMAT","og_url":"https:\/\/colpromat.com\/es\/finalidades-de-colegio\/","og_site_name":"COLPROMAT","article_modified_time":"2024-06-18T09:39:18+00:00","twitter_card":"summary_large_image","twitter_misc":{"Tiempo de lectura":"2 minutos"},"schema":{"@context":"https:\/\/schema.org","@graph":[{"@type":"WebPage","@id":"https:\/\/colpromat.com\/es\/finalidades-de-colegio\/","url":"https:\/\/colpromat.com\/es\/finalidades-de-colegio\/","name":"Finalidades de colegio - COLPROMAT","isPartOf":{"@id":"https:\/\/colpromat.com\/#website"},"datePublished":"2024-04-26T09:20:26+00:00","dateModified":"2024-06-18T09:39:18+00:00","breadcrumb":{"@id":"https:\/\/colpromat.com\/es\/finalidades-de-colegio\/#breadcrumb"},"inLanguage":"es","potentialAction":[{"@type":"ReadAction","target":["https:\/\/colpromat.com\/es\/finalidades-de-colegio\/"]}]},{"@type":"BreadcrumbList","@id":"https:\/\/colpromat.com\/es\/finalidades-de-colegio\/#breadcrumb","itemListElement":[{"@type":"ListItem","position":1,"name":"Home","item":"https:\/\/colpromat.com\/es\/"},{"@type":"ListItem","position":2,"name":"Finalidades de colegio"}]},{"@type":"WebSite","@id":"https:\/\/colpromat.com\/#website","url":"https:\/\/colpromat.com\/","name":"COLPROMAT","description":"Col\u00b7legi Procuradors de Matar\u00f3","publisher":{"@id":"https:\/\/colpromat.com\/#organization"},"potentialAction":[{"@type":"SearchAction","target":{"@type":"EntryPoint","urlTemplate":"https:\/\/colpromat.com\/?s={search_term_string}"},"query-input":"required name=search_term_string"}],"inLanguage":"es"},{"@type":"Organization","@id":"https:\/\/colpromat.com\/#organization","name":"COLPROMAT","url":"https:\/\/colpromat.com\/","logo":{"@type":"ImageObject","inLanguage":"es","@id":"https:\/\/colpromat.com\/#\/schema\/logo\/image\/","url":"https:\/\/colpromat.com\/wp-content\/uploads\/2024\/03\/carta_procuradors-transformed.png","contentUrl":"https:\/\/colpromat.com\/wp-content\/uploads\/2024\/03\/carta_procuradors-transformed.png","width":906,"height":356,"caption":"COLPROMAT"},"image":{"@id":"https:\/\/colpromat.com\/#\/schema\/logo\/image\/"}}]}},"_links":{"self":[{"href":"https:\/\/colpromat.com\/es\/wp-json\/wp\/v2\/pages\/6722"}],"collection":[{"href":"https:\/\/colpromat.com\/es\/wp-json\/wp\/v2\/pages"}],"about":[{"href":"https:\/\/colpromat.com\/es\/wp-json\/wp\/v2\/types\/page"}],"author":[{"embeddable":true,"href":"https:\/\/colpromat.com\/es\/wp-json\/wp\/v2\/users\/1"}],"replies":[{"embeddable":true,"href":"https:\/\/colpromat.com\/es\/wp-json\/wp\/v2\/comments?post=6722"}],"version-history":[{"count":3,"href":"https:\/\/colpromat.com\/es\/wp-json\/wp\/v2\/pages\/6722\/revisions"}],"predecessor-version":[{"id":7131,"href":"https:\/\/colpromat.com\/es\/wp-json\/wp\/v2\/pages\/6722\/revisions\/7131"}],"wp:attachment":[{"href":"https:\/\/colpromat.com\/es\/wp-json\/wp\/v2\/media?parent=6722"}],"curies":[{"name":"wp","href":"https:\/\/api.w.org\/{rel}","templated":true}]}}