{"id":6720,"date":"2024-05-14T08:15:12","date_gmt":"2024-05-14T08:15:12","guid":{"rendered":"https:\/\/colpromat.com\/ventanilla-unica\/"},"modified":"2024-07-31T08:53:11","modified_gmt":"2024-07-31T08:53:11","slug":"ventanilla-unica","status":"publish","type":"page","link":"https:\/\/colpromat.com\/es\/ventanilla-unica\/","title":{"rendered":"Ventanilla \u00fanica"},"content":{"rendered":"<div class=\"wpb-content-wrapper\">[vc_section full_width=\u00bbstretch_row\u00bb css=\u00bb.vc_custom_1710153369576{padding-top: 90px !important;padding-bottom: 90px !important;background-image: url(https:\/\/colpromat.com\/wp-content\/uploads\/2024\/03\/logo-bg-4.png?id=4948) !important;background-position: center !important;background-repeat: no-repeat !important;background-size: cover !important;}\u00bb][vc_row remove_bottom_col_margin=\u00bbtrue\u00bb][vc_column]<style>.vcex-heading.vcex_69e19f34e004b{color:#711c32;font-size:27px;text-transform:uppercase;}<\/style><h2 class=\"vcex-heading vcex-heading-plain vcex-module wpex-heading wpex-text-2xl wpex-mb-20 wpex-text-left vcex_69e19f34e004b\"><span class=\"vcex-heading-inner wpex-inline-block\">Ventanilla \u00fanica<\/span><\/h2>[vc_column_text text_align=\u00bbleft\u00bb color=\u00bb#303030&#8243; font_size=\u00bb18px\u00bb font_weight=\u00bb300&#8243;]Ponemos a disposici\u00f3n de los colegiados y ciudadanos la ventanilla \u00fanica para que puedan realizar los tr\u00e1mites necesarios.[\/vc_column_text][\/vc_column][\/vc_row][vc_row remove_bottom_col_margin=\u00bbtrue\u00bb tablet_fullwidth_cols=\u00bbyes\u00bb css=\u00bb.vc_custom_1722415988555{padding-top: 35px !important;}\u00bb][vc_column width=\u00bb1\/4&#8243;]<style>.vcex-image-banner.vcex_69e19f34e285c{min-height:340px;}.vcex-image-banner.vcex_69e19f34e285c .vcex-ib-overlay-bg{background-color:#000000;opacity:0.6;}.vcex-image-banner.vcex_69e19f34e285c .vcex-ib-title{padding-bottom:30px;font-size:24px;font-weight:300;}.vcex-image-banner.vcex_69e19f34e285c .vcex-ib-button-inner:hover{background:#ffffff;color:#000000;}.vcex-image-banner.vcex_69e19f34e285c .vcex-ib-button-inner{color:#ffffff;border-radius:0px;}.vcex-image-banner.vcex_69e19f34e285c .vcex-ib-img{transition-duration:4.5s;}<\/style><a class=\"vcex-module vcex-image-banner vcex-image-banner-has-link wpex-no-underline wpex-flex wpex-flex-col wpex-w-100 wpex-justify-center wpex-relative wpex-overflow-hidden wpex-bg-gray-900 wpex-text-white wpex-hover-text-white wpex-text-center vcex-h-zoom wpex-isolate vcex-has-button vcex_69e19f34e285c\" href=\"https:\/\/colpromat.com\/es\/finestreta-unica\/atencio-al-col%c2%b7legiat\/\"><span class=\"vcex-ib-img wpex-block wpex-transition-all wpex-duration-500 wpex-bg-cover wpex-absolute wpex-inset-0\" style=\"background-image:url(https:\/\/colpromat.com\/wp-content\/uploads\/2024\/05\/img-finestreta-unica-2.jpg);\"><\/span><div class=\"vcex-ib-overlay wpex-absolute wpex-inset-0 wpex-transition-all wpex-duration-500\"><div class=\"vcex-ib-overlay-bg wpex-absolute wpex-inset-0 wpex-bg-black wpex-opacity-30\"><\/div><\/div><div class=\"vcex-ib-content-wrap wpex-w-100 wpex-transition-all wpex-duration-500 wpex-py-100 wpex-px-40 wpex-relative\"><div class=\"vcex-ib-content wpex-mx-auto\"><h3 class=\"vcex-ib-title wpex-heading wpex-inherit-color-important\">Atenci\u00f3n al Colegiado<\/h3><div class=\"vcex-ib-button\"><span class=\"vcex-ib-button-inner theme-button minimal-border\">M\u00e1s informaci\u00f3n<\/span><\/div><\/div><\/div><\/a>[\/vc_column][vc_column width=\u00bb1\/4&#8243;]<style>.vcex-image-banner.vcex_69e19f34e43aa{min-height:340px;}.vcex-image-banner.vcex_69e19f34e43aa .vcex-ib-overlay-bg{background-color:#000000;opacity:0.6;}.vcex-image-banner.vcex_69e19f34e43aa .vcex-ib-title{padding-bottom:30px;font-size:24px;font-weight:300;}.vcex-image-banner.vcex_69e19f34e43aa .vcex-ib-button-inner:hover{background:#ffffff;color:#000000;}.vcex-image-banner.vcex_69e19f34e43aa .vcex-ib-button-inner{color:#ffffff;border-radius:0px;}.vcex-image-banner.vcex_69e19f34e43aa .vcex-ib-img{transition-duration:4.5s;}<\/style><a class=\"vcex-module vcex-image-banner vcex-image-banner-has-link wpex-no-underline wpex-flex wpex-flex-col wpex-w-100 wpex-justify-center wpex-relative wpex-overflow-hidden wpex-bg-gray-900 wpex-text-white wpex-hover-text-white wpex-text-center vcex-h-zoom wpex-isolate vcex-has-button vcex_69e19f34e43aa\" href=\"https:\/\/colpromat.com\/es\/finestreta-unica\/atencio-al-ciutada\/\"><span class=\"vcex-ib-img wpex-block wpex-transition-all wpex-duration-500 wpex-bg-cover wpex-absolute wpex-inset-0\" style=\"background-image:url(https:\/\/colpromat.com\/wp-content\/uploads\/2024\/05\/img-finestreta-unica-1.jpg);\"><\/span><div class=\"vcex-ib-overlay wpex-absolute wpex-inset-0 wpex-transition-all wpex-duration-500\"><div class=\"vcex-ib-overlay-bg wpex-absolute wpex-inset-0 wpex-bg-black wpex-opacity-30\"><\/div><\/div><div class=\"vcex-ib-content-wrap wpex-w-100 wpex-transition-all wpex-duration-500 wpex-py-100 wpex-px-40 wpex-relative\"><div class=\"vcex-ib-content wpex-mx-auto\"><h3 class=\"vcex-ib-title wpex-heading wpex-inherit-color-important\">Atenci\u00f3n al Ciudadano<\/h3><div class=\"vcex-ib-button\"><span class=\"vcex-ib-button-inner theme-button minimal-border\">M\u00e1s informaci\u00f3n<\/span><\/div><\/div><\/div><\/a>[\/vc_column][vc_column width=\u00bb1\/4&#8243;]<style>.vcex-image-banner.vcex_69e19f34e53cd{min-height:340px;}.vcex-image-banner.vcex_69e19f34e53cd .vcex-ib-overlay-bg{background-color:#000000;opacity:0.6;}.vcex-image-banner.vcex_69e19f34e53cd .vcex-ib-title{padding-bottom:30px;font-size:24px;font-weight:300;}.vcex-image-banner.vcex_69e19f34e53cd .vcex-ib-button-inner:hover{background:#ffffff;color:#000000;}.vcex-image-banner.vcex_69e19f34e53cd .vcex-ib-button-inner{color:#ffffff;border-radius:0px;}.vcex-image-banner.vcex_69e19f34e53cd .vcex-ib-img{transition-duration:4.5s;}<\/style><a class=\"vcex-module vcex-image-banner vcex-image-banner-has-link wpex-no-underline wpex-flex wpex-flex-col wpex-w-100 wpex-justify-center wpex-relative wpex-overflow-hidden wpex-bg-gray-900 wpex-text-white wpex-hover-text-white wpex-text-center vcex-h-zoom wpex-isolate vcex-has-button vcex_69e19f34e53cd\" href=\"https:\/\/colpromat.com\/es\/finestreta-unica\/transparencia\/\"><span class=\"vcex-ib-img wpex-block wpex-transition-all wpex-duration-500 wpex-bg-cover wpex-absolute wpex-inset-0\" style=\"background-image:url(https:\/\/colpromat.com\/wp-content\/uploads\/2024\/05\/img-finestreta-unica-3.jpg);\"><\/span><div class=\"vcex-ib-overlay wpex-absolute wpex-inset-0 wpex-transition-all wpex-duration-500\"><div class=\"vcex-ib-overlay-bg wpex-absolute wpex-inset-0 wpex-bg-black wpex-opacity-30\"><\/div><\/div><div class=\"vcex-ib-content-wrap wpex-w-100 wpex-transition-all wpex-duration-500 wpex-py-100 wpex-px-40 wpex-relative\"><div class=\"vcex-ib-content wpex-mx-auto\"><h3 class=\"vcex-ib-title wpex-heading wpex-inherit-color-important\">Transparencia<\/h3><div class=\"vcex-ib-button\"><span class=\"vcex-ib-button-inner theme-button minimal-border\">M\u00e1s informaci\u00f3n<\/span><\/div><\/div><\/div><\/a>[\/vc_column][vc_column width=\u00bb1\/4&#8243;]<style>.vcex-image-banner.vcex_69e19f34e631b{min-height:340px;}.vcex-image-banner.vcex_69e19f34e631b .vcex-ib-overlay-bg{background-color:#000000;opacity:0.6;}.vcex-image-banner.vcex_69e19f34e631b .vcex-ib-title{padding-bottom:30px;font-size:24px;font-weight:300;}.vcex-image-banner.vcex_69e19f34e631b .vcex-ib-button-inner:hover{background:#ffffff;color:#000000;}.vcex-image-banner.vcex_69e19f34e631b .vcex-ib-button-inner{color:#ffffff;border-radius:0px;}.vcex-image-banner.vcex_69e19f34e631b .vcex-ib-img{transition-duration:4.5s;}<\/style><a class=\"vcex-module vcex-image-banner vcex-image-banner-has-link wpex-no-underline wpex-flex wpex-flex-col wpex-w-100 wpex-justify-center wpex-relative wpex-overflow-hidden wpex-bg-gray-900 wpex-text-white wpex-hover-text-white wpex-text-center vcex-h-zoom wpex-isolate vcex-has-button vcex_69e19f34e631b\" href=\"https:\/\/colpromat.com\/es\/ventanilla-unica\/canal-de-denuncias\/\"><span class=\"vcex-ib-img wpex-block wpex-transition-all wpex-duration-500 wpex-bg-cover wpex-absolute wpex-inset-0\" style=\"background-image:url(https:\/\/colpromat.com\/wp-content\/uploads\/2024\/07\/img-finestreta-unica-4.jpg);\"><\/span><div class=\"vcex-ib-overlay wpex-absolute wpex-inset-0 wpex-transition-all wpex-duration-500\"><div class=\"vcex-ib-overlay-bg wpex-absolute wpex-inset-0 wpex-bg-black wpex-opacity-30\"><\/div><\/div><div class=\"vcex-ib-content-wrap wpex-w-100 wpex-transition-all wpex-duration-500 wpex-py-100 wpex-px-40 wpex-relative\"><div class=\"vcex-ib-content wpex-mx-auto\"><h3 class=\"vcex-ib-title wpex-heading wpex-inherit-color-important\">Canal de den\u00fancias<\/h3><div class=\"vcex-ib-button\"><span class=\"vcex-ib-button-inner theme-button minimal-border\">M\u00e1s informaci\u00f3n<\/span><\/div><\/div><\/div><\/a>[\/vc_column][\/vc_row][\/vc_section][vc_row full_width=\u00bbstretch_row_content_no_spaces\u00bb remove_bottom_col_margin=\u00bbtrue\u00bb][vc_column]<div class=\"vcex-divider-multicolor vcex-module wpex-flex wpex-w-100 wpex-m-auto\"><span class=\"vcex-divider-multicolor__item wpex-flex-grow\" style=\"background:#731d33;\"><\/span><span class=\"vcex-divider-multicolor__item wpex-flex-grow\" style=\"background:#887e75;\"><\/span><\/div>[\/vc_column][\/vc_row][vc_row remove_bottom_col_margin=\u00bbtrue\u00bb][vc_column]<div class=\"templatera_shortcode\"><style type=\"text\/css\" data-type=\"vc_shortcodes-custom-css\">.vc_custom_1710237645465{padding-top: 90px !important;padding-bottom: 80px !important;background-color: rgba(136,126,117,0.1) !important;*background-color: rgb(136,126,117) !important;}.vc_custom_1710237089652{padding-bottom: 20px !important;}<\/style><div data-vc-full-width=\"true\" data-vc-full-width-init=\"false\" class=\"vc_section vc_custom_1710237645465 wpex-vc_section-has-fill wpex-vc-row-stretched\"><div class=\"vc_row wpb_row vc_row-fluid vc_custom_1710237089652 vc_row-o-content-middle vc_row-flex no-bottom-margins\"><div class=\"wpb_column vc_column_container vc_col-sm-12\"><div class=\"vc_column-inner\"><div class=\"wpb_wrapper\"><style>.vcex-heading.vcex_69e19f35012e8{color:#721d33;font-size:30px;text-transform:uppercase;}<\/style><h2 class=\"vcex-heading vcex-heading-plain vcex-module wpex-heading wpex-text-2xl wpex-text-left vcex_69e19f35012e8\"><span class=\"vcex-heading-inner wpex-inline-block\">COLABORADORES<\/span><\/h2><div class=\"vcex-spacing wpex-w-100 wpex-clear\"><\/div><style class=\"vcex-carousel-preload-css\">.vcex_69e19f3506e80{--wpex-carousel-gap:15px;}.vcex_69e19f3506e80{--wpex-carousel-columns:1;}.vcex_69e19f3506e80.wpex-carousel:not(.owl-loaded) > *:not(:nth-child(1n+2)) {display: flex !important;}@media only screen and (min-width: 480px) {.vcex_69e19f3506e80{--wpex-carousel-columns:2;}.vcex_69e19f3506e80.wpex-carousel:not(.owl-loaded) > *:not(:nth-child(1n+3)) {display: flex !important;}}@media only screen and (min-width: 768px) {.vcex_69e19f3506e80{--wpex-carousel-columns:3;}.vcex_69e19f3506e80.wpex-carousel:not(.owl-loaded) > *:not(:nth-child(1n+4)) {display: flex !important;}}@media only screen and (min-width: 960px) {.vcex_69e19f3506e80{--wpex-carousel-columns:5;}.vcex_69e19f3506e80.wpex-carousel:not(.owl-loaded) > *:not(:nth-child(1n+6)) {display: flex !important;}}<\/style><div class=\"vcex-module wpex-carousel wpex-carousel-images wpex-clr owl-carousel wpex-carousel--render-onload vcex_69e19f3506e80 arrwstyle-slim arrwpos-abs\" data-wpex-carousel=\"{&quot;autoplay&quot;:&quot;true&quot;,&quot;slideBy&quot;:1,&quot;items&quot;:5,&quot;responsive&quot;:{&quot;0&quot;:{&quot;items&quot;:&quot;1&quot;},&quot;480&quot;:{&quot;items&quot;:&quot;2&quot;},&quot;768&quot;:{&quot;items&quot;:&quot;3&quot;},&quot;960&quot;:{&quot;items&quot;:5}}}\"><div class=\"wpex-carousel-slide\"><figure class=\"wpex-carousel-entry-media entry-media\"><a href=\"https:\/\/ejcat.justicia.gencat.cat\/IAP-ng\/\" class=\"wpex-carousel-entry-img\" target=\"_blank\" rel=\"noopener noreferrer\"><img width=\"600\" height=\"600\" src=\"https:\/\/colpromat.com\/wp-content\/uploads\/2024\/04\/img-colaboradors-1.jpg\" class=\"wpex-align-middle skip-lazy\" alt=\"\" data-no-lazy=\"1\" srcset=\"https:\/\/colpromat.com\/wp-content\/uploads\/2024\/04\/img-colaboradors-1.jpg 600w, https:\/\/colpromat.com\/wp-content\/uploads\/2024\/04\/img-colaboradors-1-300x300.jpg 300w, https:\/\/colpromat.com\/wp-content\/uploads\/2024\/04\/img-colaboradors-1-150x150.jpg 150w, https:\/\/colpromat.com\/wp-content\/uploads\/2024\/04\/img-colaboradors-1-100x100.jpg 100w\" sizes=\"(max-width: 600px) 100vw, 600px\" \/><\/a><\/figure><\/div><div class=\"wpex-carousel-slide\"><figure class=\"wpex-carousel-entry-media entry-media\"><a href=\"https:\/\/sedejudicial.justicia.es\/ca\/-\/lexnet\" class=\"wpex-carousel-entry-img\" target=\"_blank\" rel=\"noopener noreferrer\"><img width=\"600\" height=\"600\" src=\"https:\/\/colpromat.com\/wp-content\/uploads\/2024\/04\/img-colaboradors-2.jpg\" class=\"wpex-align-middle skip-lazy\" alt=\"\" data-no-lazy=\"1\" srcset=\"https:\/\/colpromat.com\/wp-content\/uploads\/2024\/04\/img-colaboradors-2.jpg 600w, https:\/\/colpromat.com\/wp-content\/uploads\/2024\/04\/img-colaboradors-2-300x300.jpg 300w, https:\/\/colpromat.com\/wp-content\/uploads\/2024\/04\/img-colaboradors-2-150x150.jpg 150w, https:\/\/colpromat.com\/wp-content\/uploads\/2024\/04\/img-colaboradors-2-100x100.jpg 100w\" sizes=\"(max-width: 600px) 100vw, 600px\" \/><\/a><\/figure><\/div><div class=\"wpex-carousel-slide\"><figure class=\"wpex-carousel-entry-media entry-media\"><a href=\"https:\/\/www.bancosantander.es\/particulares\/colectivos-profesionales\/justicia\" class=\"wpex-carousel-entry-img\" target=\"_blank\" rel=\"noopener noreferrer\"><img width=\"600\" height=\"600\" src=\"https:\/\/colpromat.com\/wp-content\/uploads\/2024\/04\/img-colaboradors-3-1.jpg\" class=\"wpex-align-middle skip-lazy\" alt=\"\" data-no-lazy=\"1\" srcset=\"https:\/\/colpromat.com\/wp-content\/uploads\/2024\/04\/img-colaboradors-3-1.jpg 600w, https:\/\/colpromat.com\/wp-content\/uploads\/2024\/04\/img-colaboradors-3-1-300x300.jpg 300w, https:\/\/colpromat.com\/wp-content\/uploads\/2024\/04\/img-colaboradors-3-1-150x150.jpg 150w, https:\/\/colpromat.com\/wp-content\/uploads\/2024\/04\/img-colaboradors-3-1-100x100.jpg 100w\" sizes=\"(max-width: 600px) 100vw, 600px\" \/><\/a><\/figure><\/div><div class=\"wpex-carousel-slide\"><figure class=\"wpex-carousel-entry-media entry-media\"><a href=\"https:\/\/www.cgpe.es\/ventanilla-unica-2\/\" class=\"wpex-carousel-entry-img\" target=\"_blank\" rel=\"noopener noreferrer\"><img width=\"600\" height=\"600\" src=\"https:\/\/colpromat.com\/wp-content\/uploads\/2024\/04\/img-colaboradors-4.jpg\" class=\"wpex-align-middle skip-lazy\" alt=\"\" data-no-lazy=\"1\" srcset=\"https:\/\/colpromat.com\/wp-content\/uploads\/2024\/04\/img-colaboradors-4.jpg 600w, https:\/\/colpromat.com\/wp-content\/uploads\/2024\/04\/img-colaboradors-4-300x300.jpg 300w, https:\/\/colpromat.com\/wp-content\/uploads\/2024\/04\/img-colaboradors-4-150x150.jpg 150w, https:\/\/colpromat.com\/wp-content\/uploads\/2024\/04\/img-colaboradors-4-100x100.jpg 100w\" sizes=\"(max-width: 600px) 100vw, 600px\" \/><\/a><\/figure><\/div><div class=\"wpex-carousel-slide\"><figure class=\"wpex-carousel-entry-media entry-media\"><a href=\"https:\/\/www.procuradorscat.cat\/\" class=\"wpex-carousel-entry-img\" target=\"_blank\" rel=\"noopener noreferrer\"><img width=\"600\" height=\"600\" src=\"https:\/\/colpromat.com\/wp-content\/uploads\/2024\/04\/img-colaboradors-5.jpg\" class=\"wpex-align-middle skip-lazy\" alt=\"\" data-no-lazy=\"1\" srcset=\"https:\/\/colpromat.com\/wp-content\/uploads\/2024\/04\/img-colaboradors-5.jpg 600w, https:\/\/colpromat.com\/wp-content\/uploads\/2024\/04\/img-colaboradors-5-300x300.jpg 300w, https:\/\/colpromat.com\/wp-content\/uploads\/2024\/04\/img-colaboradors-5-150x150.jpg 150w, https:\/\/colpromat.com\/wp-content\/uploads\/2024\/04\/img-colaboradors-5-100x100.jpg 100w\" sizes=\"(max-width: 600px) 100vw, 600px\" \/><\/a><\/figure><\/div><div class=\"wpex-carousel-slide\"><figure class=\"wpex-carousel-entry-media entry-media\"><a href=\"https:\/\/www.poderjudicial.es\/cgpj\/\" class=\"wpex-carousel-entry-img\" target=\"_blank\" rel=\"noopener noreferrer\"><img width=\"600\" height=\"600\" src=\"https:\/\/colpromat.com\/wp-content\/uploads\/2024\/04\/img-colaboradors-6-1.jpg\" class=\"wpex-align-middle skip-lazy\" alt=\"\" data-no-lazy=\"1\" srcset=\"https:\/\/colpromat.com\/wp-content\/uploads\/2024\/04\/img-colaboradors-6-1.jpg 600w, https:\/\/colpromat.com\/wp-content\/uploads\/2024\/04\/img-colaboradors-6-1-300x300.jpg 300w, https:\/\/colpromat.com\/wp-content\/uploads\/2024\/04\/img-colaboradors-6-1-150x150.jpg 150w, https:\/\/colpromat.com\/wp-content\/uploads\/2024\/04\/img-colaboradors-6-1-100x100.jpg 100w\" sizes=\"(max-width: 600px) 100vw, 600px\" \/><\/a><\/figure><\/div><\/div><\/div><\/div><\/div><\/div><\/div><div class=\"vc_row-full-width vc_clearfix\"><\/div><\/div>[\/vc_column][\/vc_row][vc_row remove_bottom_col_margin=\u00bbtrue\u00bb][vc_column]<div class=\"templatera_shortcode\"><style type=\"text\/css\" data-type=\"vc_shortcodes-custom-css\">.vc_custom_1710153851928{padding-top: 50px !important;padding-bottom: 50px !important;background-color: #721d33 !important;}.vc_custom_1717656905713{padding-bottom: 15px !important;}<\/style><div data-vc-full-width=\"true\" data-vc-full-width-init=\"false\" class=\"vc_row wpb_row vc_row-fluid vc_custom_1710153851928 vc_row-o-content-middle vc_row-flex wpex-vc_row-has-fill wpex-vc-row-stretched no-bottom-margins wpex-parallax-bg-wrap wpex-relative\"><div class=\"wpb_column vc_column_container vc_col-sm-8\"><div class=\"vc_column-inner\"><div class=\"wpb_wrapper\"><style>.vcex-heading.vcex_69e19f350e6cd{color:#ffffff;font-size:30px;font-weight:400;}<\/style><h2 class=\"vcex-heading vcex-heading-plain vcex-module wpex-heading wpex-text-2xl wpex-text-left vc_custom_1717656905713 vcex_69e19f350e6cd\"><span class=\"vcex-heading-inner wpex-inline-block\">\u00bfNecesitas m\u00e1s informaci\u00f3n?<\/span><\/h2><\/div><\/div><\/div><div class=\"wpb_column vc_column_container vc_col-sm-4\"><div class=\"vc_column-inner\"><div class=\"wpb_wrapper\"><a href=\"\/es\/contacte\/\" class=\"vcex-button theme-button minimal-border inline\" style=\"background:rgba(255,255,255,0.01);padding-top:10px;padding-bottom:10px;color:#ffffff;border:1px solid #fff;font-size:16px;\" data-wpex-hover='{&quot;background&quot;:&quot;#ffffff&quot;,&quot;color&quot;:&quot;#721d33&quot;}'><span class=\"vcex-button-inner theme-button-inner\">Contacta con nosotros<span class=\"vcex-button-icon vcex-icon-wrap theme-button-icon-right\"><span class=\"ticon ticon-envelope-o\" aria-hidden=\"true\"><\/span><\/span><\/span><\/a> <\/div><\/div><\/div><\/div><div class=\"vc_row-full-width vc_clearfix\"><\/div><\/div>[\/vc_column][\/vc_row]\n<\/div>","protected":false},"excerpt":{"rendered":"","protected":false},"author":1,"featured_media":0,"parent":0,"menu_order":0,"comment_status":"closed","ping_status":"closed","template":"","meta":{"_acf_changed":false,"footnotes":""},"acf":[],"yoast_head":"<!-- This site is optimized with the Yoast SEO plugin v22.9 - https:\/\/yoast.com\/wordpress\/plugins\/seo\/ -->\n<title>Ventanilla \u00fanica - COLPROMAT<\/title>\n<meta name=\"robots\" content=\"index, follow, max-snippet:-1, max-image-preview:large, max-video-preview:-1\" \/>\n<link rel=\"canonical\" href=\"https:\/\/colpromat.com\/es\/ventanilla-unica\/\" \/>\n<meta property=\"og:locale\" content=\"es_ES\" \/>\n<meta property=\"og:type\" content=\"article\" \/>\n<meta property=\"og:title\" content=\"Ventanilla \u00fanica - COLPROMAT\" \/>\n<meta property=\"og:url\" content=\"https:\/\/colpromat.com\/es\/ventanilla-unica\/\" \/>\n<meta property=\"og:site_name\" content=\"COLPROMAT\" \/>\n<meta property=\"article:modified_time\" content=\"2024-07-31T08:53:11+00:00\" \/>\n<meta name=\"twitter:card\" content=\"summary_large_image\" \/>\n<meta name=\"twitter:label1\" content=\"Tiempo de lectura\" \/>\n\t<meta name=\"twitter:data1\" content=\"2 minutos\" \/>\n<script type=\"application\/ld+json\" class=\"yoast-schema-graph\">{\"@context\":\"https:\/\/schema.org\",\"@graph\":[{\"@type\":\"WebPage\",\"@id\":\"https:\/\/colpromat.com\/es\/ventanilla-unica\/\",\"url\":\"https:\/\/colpromat.com\/es\/ventanilla-unica\/\",\"name\":\"Ventanilla \u00fanica - COLPROMAT\",\"isPartOf\":{\"@id\":\"https:\/\/colpromat.com\/#website\"},\"datePublished\":\"2024-05-14T08:15:12+00:00\",\"dateModified\":\"2024-07-31T08:53:11+00:00\",\"breadcrumb\":{\"@id\":\"https:\/\/colpromat.com\/es\/ventanilla-unica\/#breadcrumb\"},\"inLanguage\":\"es\",\"potentialAction\":[{\"@type\":\"ReadAction\",\"target\":[\"https:\/\/colpromat.com\/es\/ventanilla-unica\/\"]}]},{\"@type\":\"BreadcrumbList\",\"@id\":\"https:\/\/colpromat.com\/es\/ventanilla-unica\/#breadcrumb\",\"itemListElement\":[{\"@type\":\"ListItem\",\"position\":1,\"name\":\"Home\",\"item\":\"https:\/\/colpromat.com\/es\/\"},{\"@type\":\"ListItem\",\"position\":2,\"name\":\"Ventanilla \u00fanica\"}]},{\"@type\":\"WebSite\",\"@id\":\"https:\/\/colpromat.com\/#website\",\"url\":\"https:\/\/colpromat.com\/\",\"name\":\"COLPROMAT\",\"description\":\"Col\u00b7legi Procuradors de Matar\u00f3\",\"publisher\":{\"@id\":\"https:\/\/colpromat.com\/#organization\"},\"potentialAction\":[{\"@type\":\"SearchAction\",\"target\":{\"@type\":\"EntryPoint\",\"urlTemplate\":\"https:\/\/colpromat.com\/?s={search_term_string}\"},\"query-input\":\"required name=search_term_string\"}],\"inLanguage\":\"es\"},{\"@type\":\"Organization\",\"@id\":\"https:\/\/colpromat.com\/#organization\",\"name\":\"COLPROMAT\",\"url\":\"https:\/\/colpromat.com\/\",\"logo\":{\"@type\":\"ImageObject\",\"inLanguage\":\"es\",\"@id\":\"https:\/\/colpromat.com\/#\/schema\/logo\/image\/\",\"url\":\"https:\/\/colpromat.com\/wp-content\/uploads\/2024\/03\/carta_procuradors-transformed.png\",\"contentUrl\":\"https:\/\/colpromat.com\/wp-content\/uploads\/2024\/03\/carta_procuradors-transformed.png\",\"width\":906,\"height\":356,\"caption\":\"COLPROMAT\"},\"image\":{\"@id\":\"https:\/\/colpromat.com\/#\/schema\/logo\/image\/\"}}]}<\/script>\n<!-- \/ Yoast SEO plugin. -->","yoast_head_json":{"title":"Ventanilla \u00fanica - COLPROMAT","robots":{"index":"index","follow":"follow","max-snippet":"max-snippet:-1","max-image-preview":"max-image-preview:large","max-video-preview":"max-video-preview:-1"},"canonical":"https:\/\/colpromat.com\/es\/ventanilla-unica\/","og_locale":"es_ES","og_type":"article","og_title":"Ventanilla \u00fanica - COLPROMAT","og_url":"https:\/\/colpromat.com\/es\/ventanilla-unica\/","og_site_name":"COLPROMAT","article_modified_time":"2024-07-31T08:53:11+00:00","twitter_card":"summary_large_image","twitter_misc":{"Tiempo de lectura":"2 minutos"},"schema":{"@context":"https:\/\/schema.org","@graph":[{"@type":"WebPage","@id":"https:\/\/colpromat.com\/es\/ventanilla-unica\/","url":"https:\/\/colpromat.com\/es\/ventanilla-unica\/","name":"Ventanilla \u00fanica - COLPROMAT","isPartOf":{"@id":"https:\/\/colpromat.com\/#website"},"datePublished":"2024-05-14T08:15:12+00:00","dateModified":"2024-07-31T08:53:11+00:00","breadcrumb":{"@id":"https:\/\/colpromat.com\/es\/ventanilla-unica\/#breadcrumb"},"inLanguage":"es","potentialAction":[{"@type":"ReadAction","target":["https:\/\/colpromat.com\/es\/ventanilla-unica\/"]}]},{"@type":"BreadcrumbList","@id":"https:\/\/colpromat.com\/es\/ventanilla-unica\/#breadcrumb","itemListElement":[{"@type":"ListItem","position":1,"name":"Home","item":"https:\/\/colpromat.com\/es\/"},{"@type":"ListItem","position":2,"name":"Ventanilla \u00fanica"}]},{"@type":"WebSite","@id":"https:\/\/colpromat.com\/#website","url":"https:\/\/colpromat.com\/","name":"COLPROMAT","description":"Col\u00b7legi Procuradors de Matar\u00f3","publisher":{"@id":"https:\/\/colpromat.com\/#organization"},"potentialAction":[{"@type":"SearchAction","target":{"@type":"EntryPoint","urlTemplate":"https:\/\/colpromat.com\/?s={search_term_string}"},"query-input":"required name=search_term_string"}],"inLanguage":"es"},{"@type":"Organization","@id":"https:\/\/colpromat.com\/#organization","name":"COLPROMAT","url":"https:\/\/colpromat.com\/","logo":{"@type":"ImageObject","inLanguage":"es","@id":"https:\/\/colpromat.com\/#\/schema\/logo\/image\/","url":"https:\/\/colpromat.com\/wp-content\/uploads\/2024\/03\/carta_procuradors-transformed.png","contentUrl":"https:\/\/colpromat.com\/wp-content\/uploads\/2024\/03\/carta_procuradors-transformed.png","width":906,"height":356,"caption":"COLPROMAT"},"image":{"@id":"https:\/\/colpromat.com\/#\/schema\/logo\/image\/"}}]}},"_links":{"self":[{"href":"https:\/\/colpromat.com\/es\/wp-json\/wp\/v2\/pages\/6720"}],"collection":[{"href":"https:\/\/colpromat.com\/es\/wp-json\/wp\/v2\/pages"}],"about":[{"href":"https:\/\/colpromat.com\/es\/wp-json\/wp\/v2\/types\/page"}],"author":[{"embeddable":true,"href":"https:\/\/colpromat.com\/es\/wp-json\/wp\/v2\/users\/1"}],"replies":[{"embeddable":true,"href":"https:\/\/colpromat.com\/es\/wp-json\/wp\/v2\/comments?post=6720"}],"version-history":[{"count":9,"href":"https:\/\/colpromat.com\/es\/wp-json\/wp\/v2\/pages\/6720\/revisions"}],"predecessor-version":[{"id":7487,"href":"https:\/\/colpromat.com\/es\/wp-json\/wp\/v2\/pages\/6720\/revisions\/7487"}],"wp:attachment":[{"href":"https:\/\/colpromat.com\/es\/wp-json\/wp\/v2\/media?parent=6720"}],"curies":[{"name":"wp","href":"https:\/\/api.w.org\/{rel}","templated":true}]}}